{"id":373,"date":"2019-02-20T11:41:35","date_gmt":"2019-02-20T10:41:35","guid":{"rendered":"https:\/\/qualityhotestg.wpenginepowered.com\/?page_id=373"},"modified":"2022-08-17T09:57:52","modified_gmt":"2022-08-17T07:57:52","slug":"opplevingar","status":"publish","type":"page","link":"https:\/\/voringfoss-hotel.no\/en\/opplevingar\/","title":{"rendered":"Opplevingar"},"content":{"rendered":"<div class=\"wpb-content-wrapper\"><p>[vc_row full_width=&#8221;stretch_row&#8221; bg_type=&#8221;bg_color&#8221; el_class=&#8221;top-row-subpage&#8221; bg_color_value=&#8221;#edf3f5&#8243;][vc_column][vc_column_text css_animation=&#8221;fadeInUp&#8221;]<\/p>\n<h1 style=\"text-align: center;\">Opplevelser<\/h1>\n<p>[\/vc_column_text][vc_row_inner gap=&#8221;15&#8243; el_class=&#8221;padded-section-top&#8221;][vc_column_inner width=&#8221;1\/3&#8243;]<div class=\"ult-content-box-container activity-grid-box\" >\t<a class=\"ult-content-box-anchor\" href=\"http:\/\/voringfoss-hotel.no\/no\/opplevingar\/pa-hotellet\/\" title=\"P\u00e5  hotellet\" >\t\t<div class=\"ult-content-box\" style=\"box-shadow: px px px px none;-webkit-transition: all 700ms ease;-moz-transition: all 700ms ease;-ms-transition: all 700ms ease;-o-transition: all 700ms ease;transition: all 700ms ease;\"  data-hover_box_shadow=\"none\"    >[vc_single_image image=&#8221;1104&#8243; img_size=&#8221;965&#215;626&#8243;][vc_column_text el_class=&#8221;activity-grid&#8221;]<\/p>\n<h2>P\u00e5 hotellet<\/h2>\n<p>Du trenger ikke reise langt for \u00e5 nyte oppholdet p\u00e5 Hardangerfjord Hotel. P\u00e5 hotellet kan vi by p\u00e5 blant annet strandidyll, Hardangerbadet og Hardanger Akvasenter.[\/vc_column_text]\t\t<\/div>\t<\/a><\/div>[\/vc_column_inner][vc_column_inner width=&#8221;1\/3&#8243;]<div class=\"ult-content-box-container activity-grid-box\" >\t<a class=\"ult-content-box-anchor\" href=\"http:\/\/voringfoss-hotel.no\/no\/opplevingar\/familie\/\" title=\"Familie\" >\t\t<div class=\"ult-content-box\" style=\"box-shadow: px px px px none;-webkit-transition: all 700ms ease;-moz-transition: all 700ms ease;-ms-transition: all 700ms ease;-o-transition: all 700ms ease;transition: all 700ms ease;\"  data-hover_box_shadow=\"none\"    >[vc_single_image image=&#8221;1158&#8243; img_size=&#8221;965&#215;626&#8243;][vc_column_text el_class=&#8221;activity-grid&#8221;]<\/p>\n<h2>Familie<\/h2>\n<p>Inkluderende og artige opplevelser der du kan ta med hele familien &#8211; store som sm\u00e5. Her finner en noe for alle![\/vc_column_text]\t\t<\/div>\t<\/a><\/div>[\/vc_column_inner][vc_column_inner width=&#8221;1\/3&#8243;]<div class=\"ult-content-box-container activity-grid-box\" >\t<a class=\"ult-content-box-anchor\" href=\"http:\/\/voringfoss-hotel.no\/no\/opplevingar\/gardsbesok\/\" title=\"Gardsbes\u00f8k\" >\t\t<div class=\"ult-content-box\" style=\"box-shadow: px px px px none;-webkit-transition: all 700ms ease;-moz-transition: all 700ms ease;-ms-transition: all 700ms ease;-o-transition: all 700ms ease;transition: all 700ms ease;\"  data-hover_box_shadow=\"none\"    >[vc_single_image image=&#8221;1480&#8243; img_size=&#8221;965&#215;626&#8243;][vc_column_text el_class=&#8221;activity-grid&#8221;]<\/p>\n<h2>Gardsbes\u00f8k, sidersmaking og lokalmat<\/h2>\n<p>Med mat og drikke i verdensklasse er det s\u00e5 \u00e5 si obligatorisk \u00e5 bes\u00f8ke de lokale fruktg\u00e5rdane og smake p\u00e5 det Hardanger har \u00e5 by p\u00e5.[\/vc_column_text]\t\t<\/div>\t<\/a><\/div>[\/vc_column_inner][\/vc_row_inner][vc_row_inner gap=&#8221;15&#8243;][vc_column_inner width=&#8221;1\/3&#8243;]<div class=\"ult-content-box-container activity-grid-box\" >\t<a class=\"ult-content-box-anchor\" href=\"http:\/\/voringfoss-hotel.no\/no\/opplevingar\/kunst-og-kultur\/\" title=\"Kunst  og  kultur\" >\t\t<div class=\"ult-content-box\" style=\"box-shadow: px px px px none;-webkit-transition: all 700ms ease;-moz-transition: all 700ms ease;-ms-transition: all 700ms ease;-o-transition: all 700ms ease;transition: all 700ms ease;\"  data-hover_box_shadow=\"none\"    >[vc_single_image image=&#8221;1348&#8243; img_size=&#8221;965&#215;626&#8243;][vc_column_text el_class=&#8221;activity-grid&#8221;]<\/p>\n<h2>Kunst og kultur<\/h2>\n<p>Midt i hjertet av \u00d8ystese kan du oppleve kunst, arkitektur og natur p\u00e5 sitt beste. Kunsthuset Kabuso ligger rett p\u00e5 andre siden av veien for hotellet.[\/vc_column_text]\t\t<\/div>\t<\/a><\/div>[\/vc_column_inner][vc_column_inner width=&#8221;1\/3&#8243;]<div class=\"ult-content-box-container activity-grid-box\" >\t<a class=\"ult-content-box-anchor\" href=\"http:\/\/voringfoss-hotel.no\/no\/opplevingar\/toppturar-og-turstiar\/\" title=\"Toppturar  og  turstiar\" >\t\t<div class=\"ult-content-box\" style=\"box-shadow: px px px px none;-webkit-transition: all 700ms ease;-moz-transition: all 700ms ease;-ms-transition: all 700ms ease;-o-transition: all 700ms ease;transition: all 700ms ease;\"  data-hover_box_shadow=\"none\"    >[vc_single_image image=&#8221;1389&#8243; img_size=&#8221;965&#215;626&#8243;][vc_column_text el_class=&#8221;activity-grid&#8221;]<\/p>\n<h2>Toppturer og turstier<\/h2>\n<p>Her finner du turer som passer for alle niv\u00e5, enten du \u00f8nsker en utfordrende dagstur opp et fjell eller en rolig g\u00e5tur mellom frukttr\u00e6rne og fjorden.[\/vc_column_text]\t\t<\/div>\t<\/a><\/div>[\/vc_column_inner][vc_column_inner width=&#8221;1\/3&#8243;]<div class=\"ult-content-box-container activity-grid-box\" >\t<a class=\"ult-content-box-anchor\" href=\"http:\/\/voringfoss-hotel.no\/no\/opplevingar\/ski\/\" title=\"Ski\" >\t\t<div class=\"ult-content-box\" style=\"box-shadow: px px px px none;-webkit-transition: all 700ms ease;-moz-transition: all 700ms ease;-ms-transition: all 700ms ease;-o-transition: all 700ms ease;transition: all 700ms ease;\"  data-hover_box_shadow=\"none\"    >[vc_single_image image=&#8221;1528&#8243; img_size=&#8221;965&#215;626&#8243;][vc_column_text el_class=&#8221;activity-grid&#8221;]<\/p>\n<h2>Ski<\/h2>\n<p>Vinteren i Hardanger er like magisk som sommeren. Utforsk lokale turl\u00f8yper eller bes\u00f8k Sjusete Skisenter &#8211; et moderne skianlegg og friluftsomr\u00e5de for hele familien.[\/vc_column_text]\t\t<\/div>\t<\/a><\/div>[\/vc_column_inner][\/vc_row_inner][vc_row_inner gap=&#8221;15&#8243;][vc_column_inner width=&#8221;1\/3&#8243;]<div class=\"ult-content-box-container activity-grid-box\" >\t<a class=\"ult-content-box-anchor\" href=\"http:\/\/voringfoss-hotel.no\/no\/opplevingar\/lagbygging\/\" title=\"Lagbygging\" >\t\t<div class=\"ult-content-box\" style=\"box-shadow: px px px px none;-webkit-transition: all 700ms ease;-moz-transition: all 700ms ease;-ms-transition: all 700ms ease;-o-transition: all 700ms ease;transition: all 700ms ease;\"  data-hover_box_shadow=\"none\"    >[vc_single_image image=&#8221;1434&#8243; img_size=&#8221;965&#215;626&#8243;][vc_column_text el_class=&#8221;activity-grid&#8221;]<\/p>\n<h2>Lagbygging<\/h2>\n<p>Lagbygging for firma og lystige lag med inkluderende aktiviteter skreddersydd og tilpasset for gruppen din.[\/vc_column_text]\t\t<\/div>\t<\/a><\/div>[\/vc_column_inner][vc_column_inner width=&#8221;1\/3&#8243;]<div class=\"ult-content-box-container activity-grid-box\" >\t<a class=\"ult-content-box-anchor\" href=\"http:\/\/voringfoss-hotel.no\/no\/opplevingar\/andre-aktiviteter\/\" title=\"Andre  aktiviteter\" >\t\t<div class=\"ult-content-box\" style=\"box-shadow: px px px px none;-webkit-transition: all 700ms ease;-moz-transition: all 700ms ease;-ms-transition: all 700ms ease;-o-transition: all 700ms ease;transition: all 700ms ease;\"  data-hover_box_shadow=\"none\"    >[vc_single_image image=&#8221;1548&#8243; img_size=&#8221;965&#215;626&#8243;][vc_column_text el_class=&#8221;activity-grid&#8221;]<\/p>\n<h2>Andre aktivitetar<\/h2>\n<p>Opplev Hardanger fra luften eller bes\u00f8k Hardanger Golfklubb som ligger idyllisk plassert med utsikt til fjorden.[\/vc_column_text]\t\t<\/div>\t<\/a><\/div>[\/vc_column_inner][vc_column_inner width=&#8221;1\/3&#8243;][\/vc_column_inner][\/vc_row_inner][\/vc_column][\/vc_row][vc_row full_width=&#8221;stretch_row&#8221; bg_type=&#8221;image&#8221; parallax_style=&#8221;vcpb-default&#8221; bg_image_new=&#8221;id^69|url^https:\/\/brakanesstagin.wpengine.com\/wp-content\/uploads\/pattern-bg-01.png|caption^null|alt^null|title^pattern-bg-01|description^null&#8221; bg_img_attach=&#8221;fixed&#8221; el_class=&#8221;bottom-row&#8221;][vc_column width=&#8221;1\/4&#8243;][\/vc_column][vc_column width=&#8221;2\/4&#8243;][vc_column_text css_animation=&#8221;fadeInUp&#8221;]<\/p>\n<h2>Opplev Noreg<br \/>\np\u00e5 sitt vakraste<\/h2>\n<p>[\/vc_column_text][vc_column_text css_animation=&#8221;fadeInUp&#8221; el_class=&#8221;booking-link&#8221;]<a href=\"http:\/\/voringfoss-hotel.no\/bestill-rom\/\">Bestill rom i dag<i class=\"fal fa-long-arrow-right\"><\/i><\/a>[\/vc_column_text][\/vc_column][vc_column width=&#8221;1\/4&#8243;][\/vc_column][\/vc_row]<\/p>\n<\/div>","protected":false},"excerpt":{"rendered":"<p>[vc_row full_width=&#8221;stretch_row&#8221; bg_type=&#8221;bg_color&#8221; el_class=&#8221;top-row-subpage&#8221; bg_color_value=&#8221;#edf3f5&#8243;][vc_column][vc_column_text css_animation=&#8221;fadeInUp&#8221;] Opplevelser [\/vc_column_text][vc_row_inner gap=&#8221;15&#8243; el_class=&#8221;padded-section-top&#8221;][vc_column_inner width=&#8221;1\/3&#8243;][\/vc_column_inner][vc_column_inner width=&#8221;1\/3&#8243;][\/vc_column_inner][vc_column_inner width=&#8221;1\/3&#8243;][\/vc_column_inner][\/vc_row_inner][vc_row_inner gap=&#8221;15&#8243;][vc_column_inner width=&#8221;1\/3&#8243;][\/vc_column_inner][vc_column_inner width=&#8221;1\/3&#8243;][\/vc_column_inner][vc_column_inner width=&#8221;1\/3&#8243;][\/vc_column_inner][\/vc_row_inner][vc_row_inner gap=&#8221;15&#8243;][vc_column_inner width=&#8221;1\/3&#8243;][\/vc_column_inner][vc_column_inner width=&#8221;1\/3&#8243;][\/vc_column_inner][vc_column_inner width=&#8221;1\/3&#8243;][\/vc_column_inner][\/vc_row_inner][\/vc_column][\/vc_row][vc_row full_width=&#8221;stretch_row&#8221; bg_type=&#8221;image&#8221; parallax_style=&#8221;vcpb-default&#8221; bg_image_new=&#8221;id^69|url^https:\/\/brakanesstagin.wpengine.com\/wp-content\/uploads\/pattern-bg-01.png|caption^null|alt^null|title^pattern-bg-01|description^null&#8221; bg_img_attach=&#8221;fixed&#8221; el_class=&#8221;bottom-row&#8221;][vc_column width=&#8221;1\/4&#8243;][\/vc_column][vc_column width=&#8221;2\/4&#8243;][vc_column_text css_animation=&#8221;fadeInUp&#8221;] Opplev Noreg p\u00e5 sitt vakraste [\/vc_column_text][vc_column_text css_animation=&#8221;fadeInUp&#8221; el_class=&#8221;booking-link&#8221;]Bestill rom i dag[\/vc_column_text][\/vc_column][vc_column width=&#8221;1\/4&#8243;][\/vc_column][\/vc_row]<\/p>\n","protected":false},"author":2,"featured_media":0,"parent":0,"menu_order":10,"comment_status":"closed","ping_status":"closed","template":"","meta":{"footnotes":""},"class_list":["post-373","page","type-page","status-publish","hentry"],"yoast_head":"<!-- This site is optimized with the Yoast SEO plugin v24.5 - https:\/\/yoast.com\/wordpress\/plugins\/seo\/ -->\r\n<title>Opplevingar | V\u00f8ringfoss Hotel by Fjordtind<\/title>\r\n<meta name=\"description\" content=\"I Ulvik i Hardanger gir mektige fjordlandskap og storsl\u00e5tt natur gir et ypperlig utgangspunkt for de sterke opplevelsene.\" \/>\r\n<meta name=\"robots\" content=\"index, follow, max-snippet:-1, max-image-preview:large, max-video-preview:-1\" \/>\r\n<link rel=\"canonical\" href=\"https:\/\/voringfoss-hotel.no\/en\/opplevingar\/\" \/>\r\n<meta property=\"og:locale\" content=\"en_US\" \/>\r\n<meta property=\"og:type\" content=\"article\" \/>\r\n<meta property=\"og:title\" content=\"Opplevingar | V\u00f8ringfoss Hotel by Fjordtind\" \/>\r\n<meta property=\"og:description\" content=\"I Ulvik i Hardanger gir mektige fjordlandskap og storsl\u00e5tt natur gir et ypperlig utgangspunkt for de sterke opplevelsene.\" \/>\r\n<meta property=\"og:url\" content=\"https:\/\/voringfoss-hotel.no\/en\/opplevingar\/\" \/>\r\n<meta property=\"og:site_name\" content=\"V\u00f8ringfoss Hotel by Fjordtind\" \/>\r\n<meta property=\"article:publisher\" content=\"https:\/\/www.facebook.com\/Hardangerfjord\/\" \/>\r\n<meta property=\"article:modified_time\" content=\"2022-08-17T07:57:52+00:00\" \/>\r\n<meta name=\"twitter:card\" content=\"summary_large_image\" \/>\r\n<meta name=\"twitter:label1\" content=\"Est. reading time\" \/>\n\t<meta name=\"twitter:data1\" content=\"2 minutes\" \/>\r\n<script type=\"application\/ld+json\" class=\"yoast-schema-graph\">{\"@context\":\"https:\/\/schema.org\",\"@graph\":[{\"@type\":\"WebPage\",\"@id\":\"https:\/\/voringfoss-hotel.no\/en\/opplevingar\/\",\"url\":\"https:\/\/voringfoss-hotel.no\/en\/opplevingar\/\",\"name\":\"Opplevingar | V\u00f8ringfoss Hotel by Fjordtind\",\"isPartOf\":{\"@id\":\"https:\/\/voringfoss-hotel.no\/en\/#website\"},\"datePublished\":\"2019-02-20T10:41:35+00:00\",\"dateModified\":\"2022-08-17T07:57:52+00:00\",\"description\":\"I Ulvik i Hardanger gir mektige fjordlandskap og storsl\u00e5tt natur gir et ypperlig utgangspunkt for de sterke opplevelsene.\",\"breadcrumb\":{\"@id\":\"https:\/\/voringfoss-hotel.no\/en\/opplevingar\/#breadcrumb\"},\"inLanguage\":\"en-US\",\"potentialAction\":[{\"@type\":\"ReadAction\",\"target\":[\"https:\/\/voringfoss-hotel.no\/en\/opplevingar\/\"]}]},{\"@type\":\"BreadcrumbList\",\"@id\":\"https:\/\/voringfoss-hotel.no\/en\/opplevingar\/#breadcrumb\",\"itemListElement\":[{\"@type\":\"ListItem\",\"position\":1,\"name\":\"Hjem\",\"item\":\"https:\/\/voringfoss-hotel.no\/en\/\"},{\"@type\":\"ListItem\",\"position\":2,\"name\":\"Opplevingar\"}]},{\"@type\":\"WebSite\",\"@id\":\"https:\/\/voringfoss-hotel.no\/en\/#website\",\"url\":\"https:\/\/voringfoss-hotel.no\/en\/\",\"name\":\"V\u00f8ringfoss Hotel by Fjordtind\",\"description\":\"Sjekk inn i Hardanger\",\"publisher\":{\"@id\":\"https:\/\/voringfoss-hotel.no\/en\/#organization\"},\"potentialAction\":[{\"@type\":\"SearchAction\",\"target\":{\"@type\":\"EntryPoint\",\"urlTemplate\":\"https:\/\/voringfoss-hotel.no\/en\/?s={search_term_string}\"},\"query-input\":{\"@type\":\"PropertyValueSpecification\",\"valueRequired\":true,\"valueName\":\"search_term_string\"}}],\"inLanguage\":\"en-US\"},{\"@type\":\"Organization\",\"@id\":\"https:\/\/voringfoss-hotel.no\/en\/#organization\",\"name\":\"Brakanes Hotel\",\"url\":\"https:\/\/voringfoss-hotel.no\/en\/\",\"logo\":{\"@type\":\"ImageObject\",\"inLanguage\":\"en-US\",\"@id\":\"https:\/\/voringfoss-hotel.no\/en\/#\/schema\/logo\/image\/\",\"url\":\"https:\/\/voringfoss-hotel.no\/wp-content\/uploads\/brakanes-hotel-hvit.png\",\"contentUrl\":\"https:\/\/voringfoss-hotel.no\/wp-content\/uploads\/brakanes-hotel-hvit.png\",\"width\":820,\"height\":419,\"caption\":\"Brakanes Hotel\"},\"image\":{\"@id\":\"https:\/\/voringfoss-hotel.no\/en\/#\/schema\/logo\/image\/\"},\"sameAs\":[\"https:\/\/www.facebook.com\/Hardangerfjord\/\"]}]}<\/script>\r\n<!-- \/ Yoast SEO plugin. -->","yoast_head_json":{"title":"Opplevingar | V\u00f8ringfoss Hotel by Fjordtind","description":"I Ulvik i Hardanger gir mektige fjordlandskap og storsl\u00e5tt natur gir et ypperlig utgangspunkt for de sterke opplevelsene.","robots":{"index":"index","follow":"follow","max-snippet":"max-snippet:-1","max-image-preview":"max-image-preview:large","max-video-preview":"max-video-preview:-1"},"canonical":"https:\/\/voringfoss-hotel.no\/en\/opplevingar\/","og_locale":"en_US","og_type":"article","og_title":"Opplevingar | V\u00f8ringfoss Hotel by Fjordtind","og_description":"I Ulvik i Hardanger gir mektige fjordlandskap og storsl\u00e5tt natur gir et ypperlig utgangspunkt for de sterke opplevelsene.","og_url":"https:\/\/voringfoss-hotel.no\/en\/opplevingar\/","og_site_name":"V\u00f8ringfoss Hotel by Fjordtind","article_publisher":"https:\/\/www.facebook.com\/Hardangerfjord\/","article_modified_time":"2022-08-17T07:57:52+00:00","twitter_card":"summary_large_image","twitter_misc":{"Est. reading time":"2 minutes"},"schema":{"@context":"https:\/\/schema.org","@graph":[{"@type":"WebPage","@id":"https:\/\/voringfoss-hotel.no\/en\/opplevingar\/","url":"https:\/\/voringfoss-hotel.no\/en\/opplevingar\/","name":"Opplevingar | V\u00f8ringfoss Hotel by Fjordtind","isPartOf":{"@id":"https:\/\/voringfoss-hotel.no\/en\/#website"},"datePublished":"2019-02-20T10:41:35+00:00","dateModified":"2022-08-17T07:57:52+00:00","description":"I Ulvik i Hardanger gir mektige fjordlandskap og storsl\u00e5tt natur gir et ypperlig utgangspunkt for de sterke opplevelsene.","breadcrumb":{"@id":"https:\/\/voringfoss-hotel.no\/en\/opplevingar\/#breadcrumb"},"inLanguage":"en-US","potentialAction":[{"@type":"ReadAction","target":["https:\/\/voringfoss-hotel.no\/en\/opplevingar\/"]}]},{"@type":"BreadcrumbList","@id":"https:\/\/voringfoss-hotel.no\/en\/opplevingar\/#breadcrumb","itemListElement":[{"@type":"ListItem","position":1,"name":"Hjem","item":"https:\/\/voringfoss-hotel.no\/en\/"},{"@type":"ListItem","position":2,"name":"Opplevingar"}]},{"@type":"WebSite","@id":"https:\/\/voringfoss-hotel.no\/en\/#website","url":"https:\/\/voringfoss-hotel.no\/en\/","name":"V\u00f8ringfoss Hotel by Fjordtind","description":"Sjekk inn i Hardanger","publisher":{"@id":"https:\/\/voringfoss-hotel.no\/en\/#organization"},"potentialAction":[{"@type":"SearchAction","target":{"@type":"EntryPoint","urlTemplate":"https:\/\/voringfoss-hotel.no\/en\/?s={search_term_string}"},"query-input":{"@type":"PropertyValueSpecification","valueRequired":true,"valueName":"search_term_string"}}],"inLanguage":"en-US"},{"@type":"Organization","@id":"https:\/\/voringfoss-hotel.no\/en\/#organization","name":"Brakanes Hotel","url":"https:\/\/voringfoss-hotel.no\/en\/","logo":{"@type":"ImageObject","inLanguage":"en-US","@id":"https:\/\/voringfoss-hotel.no\/en\/#\/schema\/logo\/image\/","url":"https:\/\/voringfoss-hotel.no\/wp-content\/uploads\/brakanes-hotel-hvit.png","contentUrl":"https:\/\/voringfoss-hotel.no\/wp-content\/uploads\/brakanes-hotel-hvit.png","width":820,"height":419,"caption":"Brakanes Hotel"},"image":{"@id":"https:\/\/voringfoss-hotel.no\/en\/#\/schema\/logo\/image\/"},"sameAs":["https:\/\/www.facebook.com\/Hardangerfjord\/"]}]}},"_links":{"self":[{"href":"https:\/\/voringfoss-hotel.no\/en\/wp-json\/wp\/v2\/pages\/373","targetHints":{"allow":["GET"]}}],"collection":[{"href":"https:\/\/voringfoss-hotel.no\/en\/wp-json\/wp\/v2\/pages"}],"about":[{"href":"https:\/\/voringfoss-hotel.no\/en\/wp-json\/wp\/v2\/types\/page"}],"author":[{"embeddable":true,"href":"https:\/\/voringfoss-hotel.no\/en\/wp-json\/wp\/v2\/users\/2"}],"replies":[{"embeddable":true,"href":"https:\/\/voringfoss-hotel.no\/en\/wp-json\/wp\/v2\/comments?post=373"}],"version-history":[{"count":0,"href":"https:\/\/voringfoss-hotel.no\/en\/wp-json\/wp\/v2\/pages\/373\/revisions"}],"wp:attachment":[{"href":"https:\/\/voringfoss-hotel.no\/en\/wp-json\/wp\/v2\/media?parent=373"}],"curies":[{"name":"wp","href":"https:\/\/api.w.org\/{rel}","templated":true}]}}