{"id":1041,"date":"2020-06-22T15:59:58","date_gmt":"2020-06-22T13:59:58","guid":{"rendered":"https:\/\/qualityhotestg.wpenginepowered.com\/knalltilbod-pa-familierom\/"},"modified":"2020-06-22T16:01:07","modified_gmt":"2020-06-22T14:01:07","slug":"knalltilbod-pa-familierom","status":"publish","type":"page","link":"https:\/\/voringfoss-hotel.no\/no\/tilbod\/knalltilbod-pa-familierom\/","title":{"rendered":"Knalltilbod p\u00e5 familierom"},"content":{"rendered":"<div class=\"wpb-content-wrapper\"><p>[vc_row full_width=&raquo;stretch_row&raquo; content_placement=&raquo;bottom&raquo; bg_type=&raquo;image&raquo; parallax_style=&raquo;vcpb-default&raquo; bg_image_new=&raquo;id^1035|url^http:\/\/voringfoss-hotel.no\/wp-content\/uploads\/familietilbod.jpg|caption^null|alt^null|title^familietilbod|description^null&raquo; bg_img_attach=&raquo;fixed&raquo; enable_overlay=&raquo;enable_overlay_value&raquo; overlay_color=&raquo;rgba(10,10,10,0.28)&raquo; el_class=&raquo;padded-image-section&raquo;][vc_column][vc_column_text css_animation=&raquo;fadeInUp&raquo;]<\/p>\n<h1 style=\"text-align: center;\">Knalltilbod p\u00e5 familierom<\/h1>\n<p style=\"text-align: center;\">Opplev Hardanger i sommar!<\/p>\n<p>[\/vc_column_text][\/vc_column][\/vc_row][vc_row full_width=&raquo;stretch_row&raquo; gap=&raquo;30&#8243; content_placement=&raquo;middle&raquo; bg_type=&raquo;bg_color&raquo; el_class=&raquo;padded-section&raquo; bg_color_value=&raquo;#edf3f5&#8243;][vc_column width=&raquo;1\/6&#8243;][\/vc_column][vc_column width=&raquo;2\/3&#8243;][vc_column_text el_class=&raquo;pakketilbud-main&raquo;]<\/p>\n<p style=\"text-align: center;\">Knalltilbod p\u00e5 familierom fr\u00e5 kr. 400,- per pers voksne\/barn dersom de bur i minimum 2 netter. Begrensa antal rom.<\/p>\n<p style=\"text-align: center;\">Gjeld p\u00e5 alle v\u00e5re hotell; Hardangerfjord Hotel, Brakanes Hotel og Quality Hotel V\u00f8ringfoss.<\/p>\n<p>[\/vc_column_text][vc_column_text el_class=&raquo;primary-button&raquo;]<\/p>\n<p style=\"text-align: center;\"><a href=\"#bestill-pakken\">Bestill no <i class=\"fal fa-long-arrow-right\"><\/i><\/a><\/p>\n<p>[\/vc_column_text][\/vc_column][vc_column width=&raquo;1\/6&#8243;][\/vc_column][\/vc_row][vc_row gap=&raquo;35&#8243; content_placement=&raquo;middle&raquo; css_animation=&raquo;fadeInUp&raquo; el_class=&raquo;padded-section-top&raquo;][vc_column width=&raquo;1\/2&#8243;][vc_row_inner][vc_column_inner width=&raquo;5\/6&#8243;][vc_single_image image=&raquo;1016&#8243; img_size=&raquo;600&#215;600&#8243; style=&raquo;vc_box_circle&raquo; el_class=&raquo;pakketilbud-image&raquo;][\/vc_column_inner][vc_column_inner width=&raquo;1\/6&#8243;][\/vc_column_inner][\/vc_row_inner][\/vc_column][vc_column width=&raquo;1\/2&#8243;][vc_column_text]<\/p>\n<h2>Hardangerfjord Hotel<\/h2>\n<p>Med Hardangerbadet vegg-i-vegg og fjord rett utanfor vindauget, er nyopna Hardangerfjord Hotel ypparleg for deg som er glad i \u00e5 ta deg en dukkert. Her er det \u00f2g kort veg til Spildegarden der du kan smake noko av det beste Noreg har \u00e5 by p\u00e5 av sider. I tillegg finn du Hardanger Golfklubb like i n\u00e6rleiken samt Kunsthuset Kabuso. I restauranten Glime kan du nyte kortreist mat laga p\u00e5 lokale r\u00e5varer i sesong.[\/vc_column_text][\/vc_column][\/vc_row][vc_row gap=&raquo;35&#8243; content_placement=&raquo;middle&raquo; css_animation=&raquo;fadeInUp&raquo; el_class=&raquo;padded-section-small&raquo;][vc_column width=&raquo;1\/2&#8243;][vc_row_inner][vc_column_inner width=&raquo;5\/6&#8243;][vc_single_image image=&raquo;1019&#8243; img_size=&raquo;600&#215;600&#8243; style=&raquo;vc_box_circle&raquo; el_class=&raquo;pakketilbud-image&raquo;][\/vc_column_inner][vc_column_inner width=&raquo;1\/6&#8243;][\/vc_column_inner][\/vc_row_inner][\/vc_column][vc_column width=&raquo;1\/2&#8243;][vc_column_text]<\/p>\n<h2>Brakanes Hotel<\/h2>\n<p>Innerst i Hardangerfjorden ligg Brakanes Hotel omkransa av fjord og fjell. \u00a0I Ulvik kan du finna ro eller aktivitet som passar b\u00e5de store og sm\u00e5, og hotellet ligg midt i sm\u00f8rauga for opplevingar i heile regionen, b\u00e5de Hardanger, Voss og Sogn. P\u00e5 hotellet kan du l\u00e5na b\u00e5t for \u00e5 fiska, padla p\u00e5 sup-brett, eta kortreist og slappa av i den store hagen eller i boblestampen p\u00e5 bryggekanten. Kjenn litt p\u00e5 \u00e5 vera i Hardanger; hopp i frisk fjord og laug deg p\u00e5 den splitter nye vann-trampolina som ligg og duppar ved badestranda v\u00e5r. Du kan \u00f2g l\u00e5na sykkel og bes\u00f8ka Frukt-og siderruta, der du kan sykla mellom frukttrea og smaka saft og sider fr\u00e5 beste frukt. Bes\u00f8k Olav H. Haugesenteret og bli betre kjent med poeten bak det som NRK har k\u00e5ra til tidenes beste dikt; Det er den draumen. Eller ta beina fatt og opplev det vakre fjordlandskapet p\u00e5 din veg til naturperler som Oksen, Ossete, Kje\u00e5sen og Dronningstien.[\/vc_column_text][\/vc_column][\/vc_row][vc_row gap=&raquo;35&#8243; content_placement=&raquo;middle&raquo; css_animation=&raquo;fadeInUp&raquo; el_class=&raquo;padded-section-bottom&raquo;][vc_column width=&raquo;1\/2&#8243;][vc_row_inner][vc_column_inner width=&raquo;5\/6&#8243;][vc_single_image image=&raquo;1022&#8243; img_size=&raquo;600&#215;600&#8243; style=&raquo;vc_box_circle&raquo; el_class=&raquo;pakketilbud-image&raquo;][\/vc_column_inner][vc_column_inner width=&raquo;1\/6&#8243;][\/vc_column_inner][\/vc_row_inner][\/vc_column][vc_column width=&raquo;1\/2&#8243;][vc_column_text]<\/p>\n<h2>Quality Hotel V\u00f8ringfoss<\/h2>\n<p>Siste stopp p\u00e5 rundturen i Hardangerfjorden er Quality Hotel V\u00f8ringfoss. Hotellet ligg omkransa av mektig natur og er eit perfekt utgangspunkt for deg som ynskjer \u00e5 oppleve Hardangervidda . Her kan du f\u00e5 hesteskyss, f\u00e5 guida turar i fjellet og oppleve lokal matkultur med bes\u00f8k til bakeverkstaden. I samband med Beset Adventures kan du \u00f2g oppleve elvepadling, rafting, fossefallhopp og breturar.[\/vc_column_text][\/vc_column][\/vc_row][vc_row full_width=&raquo;stretch_row&raquo; full_height=&raquo;yes&raquo; bg_type=&raquo;image&raquo; parallax_style=&raquo;vcpb-default&raquo; bg_image_new=&raquo;id^1028|url^http:\/\/voringfoss-hotel.no\/wp-content\/uploads\/voringfoss-1.jpg|caption^null|alt^null|title^voringfoss-1|description^null&raquo; bg_img_attach=&raquo;fixed&raquo; enable_overlay=&raquo;enable_overlay_value&raquo; overlay_color=&raquo;rgba(31,81,97,0.2)&raquo; el_class=&raquo;white-text&raquo;][vc_column][vc_row_inner][vc_column_inner width=&raquo;1\/4&#8243;][\/vc_column_inner][vc_column_inner width=&raquo;1\/2&#8243;][vc_column_text css_animation=&raquo;fadeInUp&raquo;]<\/p>\n<h2>Den perfekte Norgesferien<\/h2>\n<p>[\/vc_column_text][vc_column_text css_animation=&raquo;fadeInUp&raquo; css=&raquo;.vc_custom_1592396173707{margin-top: 35px !important;}&raquo;]I Hardanger f\u00e5r du oppleve Noreg p\u00e5 sitt beste med mektig natur og\u00a0 varierte friluftsaktivitetar. Kombinert med den rike matkulturen basert p\u00e5 lokale r\u00e5varer f\u00e5r du ei oppleving du seint vil gl\u00f8yme. Enten du vil rafte i elva eller sykle mellom epletrea &#8211; Hardanger byr p\u00e5 spanande opplevingar for b\u00e5de store og sm\u00e5.[\/vc_column_text][\/vc_column_inner][vc_column_inner width=&raquo;1\/4&#8243;][\/vc_column_inner][\/vc_row_inner][\/vc_column][\/vc_row][vc_row el_class=&raquo;padded-section-big&raquo;][vc_column][vc_column_text css_animation=&raquo;bounceIn&raquo; el_class=&raquo;familierom&raquo;]<\/p>\n<h2>Knalltilbod p\u00e5 familierom<\/h2>\n<p>Knalltilbod p\u00e5 familierom fr\u00e5 kr. 400,- per pers voksne\/barn dersom de bur i minimum 2 netter. Begrensa antal rom.[\/vc_column_text][\/vc_column][\/vc_row][vc_row css_animation=&raquo;fadeInUp&raquo; el_class=&raquo;padded-section-big-bottom&raquo; el_id=&raquo;bestill-pakken&raquo;][vc_column width=&raquo;1\/4&#8243;][\/vc_column][vc_column width=&raquo;1\/2&#8243;][vc_column_text css=&raquo;.vc_custom_1592834026602{margin-bottom: 55px !important;}&raquo;]<\/p>\n<h2>Book i dag<\/h2>\n<p>Knalltilbod p\u00e5 familierom fr\u00e5 kr. 400,- per pers voksne\/barn dersom de bur i minimum 2 netter. Begrensa antal rom.[\/vc_column_text]\n<div class=\"wpcf7 no-js\" id=\"wpcf7-f1031-o1\" lang=\"en-US\" dir=\"ltr\" data-wpcf7-id=\"1031\">\n<div class=\"screen-reader-response\"><p role=\"status\" aria-live=\"polite\" aria-atomic=\"true\"><\/p> <ul><\/ul><\/div>\n<form action=\"\/no\/wp-json\/wp\/v2\/pages\/1041#wpcf7-f1031-o1\" method=\"post\" class=\"wpcf7-form init\" aria-label=\"Contact form\" novalidate=\"novalidate\" data-status=\"init\">\n<div style=\"display: none;\">\n<input type=\"hidden\" name=\"_wpcf7\" value=\"1031\" \/>\n<input type=\"hidden\" name=\"_wpcf7_version\" value=\"6.0.4\" \/>\n<input type=\"hidden\" name=\"_wpcf7_locale\" value=\"en_US\" \/>\n<input type=\"hidden\" name=\"_wpcf7_unit_tag\" value=\"wpcf7-f1031-o1\" \/>\n<input type=\"hidden\" name=\"_wpcf7_container_post\" value=\"0\" \/>\n<input type=\"hidden\" name=\"_wpcf7_posted_data_hash\" value=\"\" \/>\n<\/div>\n<div class=\"contact-form\">\n\t<p><span class=\"fal fa-user\"><\/span><span class=\"wpcf7-form-control-wrap\" data-name=\"your-name\"><input size=\"40\" maxlength=\"400\" class=\"wpcf7-form-control wpcf7-text wpcf7-validates-as-required\" aria-required=\"true\" aria-invalid=\"false\" placeholder=\"Ditt namn\" value=\"\" type=\"text\" name=\"your-name\" \/><\/span>\n\t<\/p>\n\t<p><span class=\"fal fa-envelope-open\"><\/span><span class=\"wpcf7-form-control-wrap\" data-name=\"email\"><input size=\"40\" maxlength=\"400\" class=\"wpcf7-form-control wpcf7-email wpcf7-validates-as-required wpcf7-text wpcf7-validates-as-email\" id=\"email\" aria-required=\"true\" aria-invalid=\"false\" placeholder=\"E-post\" value=\"\" type=\"email\" name=\"email\" \/><\/span>\n\t<\/p>\n\t<p><span class=\"fal fa-mobile\"><\/span><span class=\"wpcf7-form-control-wrap\" data-name=\"tel-848\"><input size=\"40\" maxlength=\"400\" class=\"wpcf7-form-control wpcf7-tel wpcf7-validates-as-required wpcf7-text wpcf7-validates-as-tel\" aria-required=\"true\" aria-invalid=\"false\" placeholder=\"Telefon\" value=\"\" type=\"tel\" name=\"tel-848\" \/><\/span>\n\t<\/p>\n\t<p><span class=\"fal fa-calendar-alt\"><\/span><span class=\"wpcf7-form-control-wrap\" data-name=\"dato\"><input size=\"40\" maxlength=\"400\" class=\"wpcf7-form-control wpcf7-text\" aria-invalid=\"false\" placeholder=\"Dato\" value=\"\" type=\"text\" name=\"dato\" \/><\/span>\n\t<\/p>\n\t<p><span class=\"fal fa-user-plus\"><\/span><span class=\"wpcf7-form-control-wrap\" data-name=\"antall\"><input size=\"40\" maxlength=\"400\" class=\"wpcf7-form-control wpcf7-text\" aria-invalid=\"false\" placeholder=\"Antal vaksne\" value=\"\" type=\"text\" name=\"antall\" \/><\/span>\n\t<\/p>\n\t<p><span class=\"fal fa-user-plus\"><\/span><span class=\"wpcf7-form-control-wrap\" data-name=\"antall-born\"><input size=\"40\" maxlength=\"400\" class=\"wpcf7-form-control wpcf7-text\" aria-invalid=\"false\" placeholder=\"Antal born\" value=\"\" type=\"text\" name=\"antall-born\" \/><\/span>\n\t<\/p>\n\t<p><span class=\"fal fa-user-plus\"><\/span><span class=\"wpcf7-form-control-wrap\" data-name=\"alder\"><input size=\"40\" maxlength=\"400\" class=\"wpcf7-form-control wpcf7-text\" aria-invalid=\"false\" placeholder=\"Alder p\u00e5 borna\" value=\"\" type=\"text\" name=\"alder\" \/><\/span>\n\t<\/p>\n\t<p>Hotella du ynskjer innom: <span class=\"wpcf7-form-control-wrap\" data-name=\"checkbox-597\"><span class=\"wpcf7-form-control wpcf7-checkbox\"><span class=\"wpcf7-list-item first\"><input type=\"checkbox\" name=\"checkbox-597[]\" value=\"Hardangerfjord Hotel\" \/><span class=\"wpcf7-list-item-label\">Hardangerfjord Hotel<\/span><\/span><span class=\"wpcf7-list-item\"><input type=\"checkbox\" name=\"checkbox-597[]\" value=\"Brakanes Hotel\" \/><span class=\"wpcf7-list-item-label\">Brakanes Hotel<\/span><\/span><span class=\"wpcf7-list-item last\"><input type=\"checkbox\" name=\"checkbox-597[]\" value=\"V\u00f8ringfoss Hotel\" \/><span class=\"wpcf7-list-item-label\">V\u00f8ringfoss Hotel<\/span><\/span><\/span><\/span>\n\t<\/p>\n\t<p style=\"margin-bottom: 20px;\"><span class=\"fal fa-comment-alt\"><\/span><span class=\"wpcf7-form-control-wrap\" data-name=\"message\"><textarea cols=\"40\" rows=\"10\" maxlength=\"2000\" class=\"wpcf7-form-control wpcf7-textarea\" id=\"message\" aria-invalid=\"false\" placeholder=\"Fortel oss kva for pakke du ynskjer og om ev. s\u00e6rskilde behov\" name=\"message\"><\/textarea><\/span>\n\t<\/p>\n\t<p><button type=\"submit\" class=\"wpcf7-submit\">Send f\u00f8respurnad<\/button>\n\t<\/p>\n<\/div><div class=\"wpcf7-response-output\" aria-hidden=\"true\"><\/div>\n<\/form>\n<\/div>\n[\/vc_column][vc_column width=&raquo;1\/4&#8243;][\/vc_column][\/vc_row][vc_row full_width=&raquo;stretch_row&raquo; bg_type=&raquo;image&raquo; parallax_style=&raquo;vcpb-default&raquo; bg_image_new=&raquo;id^69|url^https:\/\/brakanes-hotel.no\/wp-content\/uploads\/pattern-bg-01.png|caption^null|alt^null|title^pattern-bg-01|description^null&raquo; bg_img_attach=&raquo;fixed&raquo; el_class=&raquo;bottom-row&raquo;][vc_column width=&raquo;1\/3&#8243;][\/vc_column][vc_column width=&raquo;1\/3&#8243;][vc_column_text css_animation=&raquo;fadeInUp&raquo;]<\/p>\n<h2>Opplev Norge p\u00e5 sitt vakreste<\/h2>\n<p>[\/vc_column_text][vc_column_text css_animation=&raquo;fadeInUp&raquo; el_class=&raquo;booking-link&raquo;]<a href=\"http:\/\/voringfoss-hotel.no\/bestill-rom\/\">Bestill rom i dag<i class=\"fal fa-long-arrow-right\"><\/i><\/a>[\/vc_column_text][\/vc_column][vc_column width=&raquo;1\/3&#8243;][\/vc_column][\/vc_row]<\/p>\n<\/div>","protected":false},"excerpt":{"rendered":"<p>[vc_row full_width=&raquo;stretch_row&raquo; content_placement=&raquo;bottom&raquo; bg_type=&raquo;image&raquo; parallax_style=&raquo;vcpb-default&raquo; bg_image_new=&raquo;id^1035|url^http:\/\/voringfoss-hotel.no\/wp-content\/uploads\/familietilbod.jpg|caption^null|alt^null|title^familietilbod|description^null&raquo; bg_img_attach=&raquo;fixed&raquo; enable_overlay=&raquo;enable_overlay_value&raquo; overlay_color=&raquo;rgba(10,10,10,0.28)&raquo; el_class=&raquo;padded-image-section&raquo;][vc_column][vc_column_text css_animation=&raquo;fadeInUp&raquo;] Knalltilbod p\u00e5 familierom Opplev Hardanger i sommar! [\/vc_column_text][\/vc_column][\/vc_row][vc_row full_width=&raquo;stretch_row&raquo; gap=&raquo;30&#8243; content_placement=&raquo;middle&raquo; bg_type=&raquo;bg_color&raquo; el_class=&raquo;padded-section&raquo; bg_color_value=&raquo;#edf3f5&#8243;][vc_column width=&raquo;1\/6&#8243;][\/vc_column][vc_column width=&raquo;2\/3&#8243;][vc_column_text el_class=&raquo;pakketilbud-main&raquo;] Knalltilbod p\u00e5 familierom fr\u00e5 kr. 400,- per pers voksne\/barn dersom de bur i minimum 2 netter. Begrensa antal rom. Gjeld p\u00e5 alle v\u00e5re hotell; Hardangerfjord Hotel, Brakanes [&hellip;]<\/p>\n","protected":false},"author":2,"featured_media":0,"parent":1044,"menu_order":0,"comment_status":"closed","ping_status":"closed","template":"","meta":{"footnotes":""},"class_list":["post-1041","page","type-page","status-publish","hentry"],"yoast_head":"<!-- This site is optimized with the Yoast SEO plugin v24.5 - https:\/\/yoast.com\/wordpress\/plugins\/seo\/ -->\r\n<title>Knalltilbod p\u00e5 familierom | V\u00f8ringfoss Hotel by Fjordtind<\/title>\r\n<meta name=\"robots\" content=\"index, follow, max-snippet:-1, max-image-preview:large, max-video-preview:-1\" \/>\r\n<link rel=\"canonical\" href=\"https:\/\/voringfoss-hotel.no\/no\/tilbod\/knalltilbod-pa-familierom\/\" \/>\r\n<meta property=\"og:locale\" content=\"nb_NO\" \/>\r\n<meta property=\"og:type\" content=\"article\" \/>\r\n<meta property=\"og:title\" content=\"Knalltilbod p\u00e5 familierom | V\u00f8ringfoss Hotel by Fjordtind\" \/>\r\n<meta property=\"og:description\" content=\"[vc_row full_width=&raquo;stretch_row&raquo; content_placement=&raquo;bottom&raquo; bg_type=&raquo;image&raquo; parallax_style=&raquo;vcpb-default&raquo; bg_image_new=&raquo;id^1035|url^http:\/\/voringfoss-hotel.no\/wp-content\/uploads\/familietilbod.jpg|caption^null|alt^null|title^familietilbod|description^null&raquo; bg_img_attach=&raquo;fixed&raquo; enable_overlay=&raquo;enable_overlay_value&raquo; overlay_color=&raquo;rgba(10,10,10,0.28)&raquo; el_class=&raquo;padded-image-section&raquo;][vc_column][vc_column_text css_animation=&raquo;fadeInUp&raquo;] Knalltilbod p\u00e5 familierom Opplev Hardanger i sommar! [\/vc_column_text][\/vc_column][\/vc_row][vc_row full_width=&raquo;stretch_row&raquo; gap=&raquo;30&#8243; content_placement=&raquo;middle&raquo; bg_type=&raquo;bg_color&raquo; el_class=&raquo;padded-section&raquo; bg_color_value=&raquo;#edf3f5&#8243;][vc_column width=&raquo;1\/6&#8243;][\/vc_column][vc_column width=&raquo;2\/3&#8243;][vc_column_text el_class=&raquo;pakketilbud-main&raquo;] Knalltilbod p\u00e5 familierom fr\u00e5 kr. 400,- per pers voksne\/barn dersom de bur i minimum 2 netter. Begrensa antal rom. Gjeld p\u00e5 alle v\u00e5re hotell; Hardangerfjord Hotel, Brakanes [&hellip;]\" \/>\r\n<meta property=\"og:url\" content=\"https:\/\/voringfoss-hotel.no\/no\/tilbod\/knalltilbod-pa-familierom\/\" \/>\r\n<meta property=\"og:site_name\" content=\"V\u00f8ringfoss Hotel by Fjordtind\" \/>\r\n<meta property=\"article:publisher\" content=\"https:\/\/www.facebook.com\/Hardangerfjord\/\" \/>\r\n<meta property=\"article:modified_time\" content=\"2020-06-22T14:01:07+00:00\" \/>\r\n<meta name=\"twitter:card\" content=\"summary_large_image\" \/>\r\n<meta name=\"twitter:label1\" content=\"Ansl. lesetid\" \/>\n\t<meta name=\"twitter:data1\" content=\"5 minutter\" \/>\r\n<script type=\"application\/ld+json\" class=\"yoast-schema-graph\">{\"@context\":\"https:\/\/schema.org\",\"@graph\":[{\"@type\":\"WebPage\",\"@id\":\"https:\/\/voringfoss-hotel.no\/no\/tilbod\/knalltilbod-pa-familierom\/\",\"url\":\"https:\/\/voringfoss-hotel.no\/no\/tilbod\/knalltilbod-pa-familierom\/\",\"name\":\"Knalltilbod p\u00e5 familierom | V\u00f8ringfoss Hotel by Fjordtind\",\"isPartOf\":{\"@id\":\"https:\/\/voringfoss-hotel.no\/no\/#website\"},\"datePublished\":\"2020-06-22T13:59:58+00:00\",\"dateModified\":\"2020-06-22T14:01:07+00:00\",\"breadcrumb\":{\"@id\":\"https:\/\/voringfoss-hotel.no\/no\/tilbod\/knalltilbod-pa-familierom\/#breadcrumb\"},\"inLanguage\":\"nb-NO\",\"potentialAction\":[{\"@type\":\"ReadAction\",\"target\":[\"https:\/\/voringfoss-hotel.no\/no\/tilbod\/knalltilbod-pa-familierom\/\"]}]},{\"@type\":\"BreadcrumbList\",\"@id\":\"https:\/\/voringfoss-hotel.no\/no\/tilbod\/knalltilbod-pa-familierom\/#breadcrumb\",\"itemListElement\":[{\"@type\":\"ListItem\",\"position\":1,\"name\":\"Hjem\",\"item\":\"https:\/\/voringfoss-hotel.no\/no\/\"},{\"@type\":\"ListItem\",\"position\":2,\"name\":\"Tilbod\",\"item\":\"https:\/\/voringfoss-hotel.no\/no\/tilbod\/\"},{\"@type\":\"ListItem\",\"position\":3,\"name\":\"Knalltilbod p\u00e5 familierom\"}]},{\"@type\":\"WebSite\",\"@id\":\"https:\/\/voringfoss-hotel.no\/no\/#website\",\"url\":\"https:\/\/voringfoss-hotel.no\/no\/\",\"name\":\"V\u00f8ringfoss Hotel by Fjordtind\",\"description\":\"Sjekk inn i Hardanger\",\"publisher\":{\"@id\":\"https:\/\/voringfoss-hotel.no\/no\/#organization\"},\"potentialAction\":[{\"@type\":\"SearchAction\",\"target\":{\"@type\":\"EntryPoint\",\"urlTemplate\":\"https:\/\/voringfoss-hotel.no\/no\/?s={search_term_string}\"},\"query-input\":{\"@type\":\"PropertyValueSpecification\",\"valueRequired\":true,\"valueName\":\"search_term_string\"}}],\"inLanguage\":\"nb-NO\"},{\"@type\":\"Organization\",\"@id\":\"https:\/\/voringfoss-hotel.no\/no\/#organization\",\"name\":\"Brakanes Hotel\",\"url\":\"https:\/\/voringfoss-hotel.no\/no\/\",\"logo\":{\"@type\":\"ImageObject\",\"inLanguage\":\"nb-NO\",\"@id\":\"https:\/\/voringfoss-hotel.no\/no\/#\/schema\/logo\/image\/\",\"url\":\"https:\/\/voringfoss-hotel.no\/wp-content\/uploads\/brakanes-hotel-hvit.png\",\"contentUrl\":\"https:\/\/voringfoss-hotel.no\/wp-content\/uploads\/brakanes-hotel-hvit.png\",\"width\":820,\"height\":419,\"caption\":\"Brakanes Hotel\"},\"image\":{\"@id\":\"https:\/\/voringfoss-hotel.no\/no\/#\/schema\/logo\/image\/\"},\"sameAs\":[\"https:\/\/www.facebook.com\/Hardangerfjord\/\"]}]}<\/script>\r\n<!-- \/ Yoast SEO plugin. -->","yoast_head_json":{"title":"Knalltilbod p\u00e5 familierom | V\u00f8ringfoss Hotel by Fjordtind","robots":{"index":"index","follow":"follow","max-snippet":"max-snippet:-1","max-image-preview":"max-image-preview:large","max-video-preview":"max-video-preview:-1"},"canonical":"https:\/\/voringfoss-hotel.no\/no\/tilbod\/knalltilbod-pa-familierom\/","og_locale":"nb_NO","og_type":"article","og_title":"Knalltilbod p\u00e5 familierom | V\u00f8ringfoss Hotel by Fjordtind","og_description":"[vc_row full_width=&raquo;stretch_row&raquo; content_placement=&raquo;bottom&raquo; bg_type=&raquo;image&raquo; parallax_style=&raquo;vcpb-default&raquo; bg_image_new=&raquo;id^1035|url^http:\/\/voringfoss-hotel.no\/wp-content\/uploads\/familietilbod.jpg|caption^null|alt^null|title^familietilbod|description^null&raquo; bg_img_attach=&raquo;fixed&raquo; enable_overlay=&raquo;enable_overlay_value&raquo; overlay_color=&raquo;rgba(10,10,10,0.28)&raquo; el_class=&raquo;padded-image-section&raquo;][vc_column][vc_column_text css_animation=&raquo;fadeInUp&raquo;] Knalltilbod p\u00e5 familierom Opplev Hardanger i sommar! [\/vc_column_text][\/vc_column][\/vc_row][vc_row full_width=&raquo;stretch_row&raquo; gap=&raquo;30&#8243; content_placement=&raquo;middle&raquo; bg_type=&raquo;bg_color&raquo; el_class=&raquo;padded-section&raquo; bg_color_value=&raquo;#edf3f5&#8243;][vc_column width=&raquo;1\/6&#8243;][\/vc_column][vc_column width=&raquo;2\/3&#8243;][vc_column_text el_class=&raquo;pakketilbud-main&raquo;] Knalltilbod p\u00e5 familierom fr\u00e5 kr. 400,- per pers voksne\/barn dersom de bur i minimum 2 netter. Begrensa antal rom. Gjeld p\u00e5 alle v\u00e5re hotell; Hardangerfjord Hotel, Brakanes [&hellip;]","og_url":"https:\/\/voringfoss-hotel.no\/no\/tilbod\/knalltilbod-pa-familierom\/","og_site_name":"V\u00f8ringfoss Hotel by Fjordtind","article_publisher":"https:\/\/www.facebook.com\/Hardangerfjord\/","article_modified_time":"2020-06-22T14:01:07+00:00","twitter_card":"summary_large_image","twitter_misc":{"Ansl. lesetid":"5 minutter"},"schema":{"@context":"https:\/\/schema.org","@graph":[{"@type":"WebPage","@id":"https:\/\/voringfoss-hotel.no\/no\/tilbod\/knalltilbod-pa-familierom\/","url":"https:\/\/voringfoss-hotel.no\/no\/tilbod\/knalltilbod-pa-familierom\/","name":"Knalltilbod p\u00e5 familierom | V\u00f8ringfoss Hotel by Fjordtind","isPartOf":{"@id":"https:\/\/voringfoss-hotel.no\/no\/#website"},"datePublished":"2020-06-22T13:59:58+00:00","dateModified":"2020-06-22T14:01:07+00:00","breadcrumb":{"@id":"https:\/\/voringfoss-hotel.no\/no\/tilbod\/knalltilbod-pa-familierom\/#breadcrumb"},"inLanguage":"nb-NO","potentialAction":[{"@type":"ReadAction","target":["https:\/\/voringfoss-hotel.no\/no\/tilbod\/knalltilbod-pa-familierom\/"]}]},{"@type":"BreadcrumbList","@id":"https:\/\/voringfoss-hotel.no\/no\/tilbod\/knalltilbod-pa-familierom\/#breadcrumb","itemListElement":[{"@type":"ListItem","position":1,"name":"Hjem","item":"https:\/\/voringfoss-hotel.no\/no\/"},{"@type":"ListItem","position":2,"name":"Tilbod","item":"https:\/\/voringfoss-hotel.no\/no\/tilbod\/"},{"@type":"ListItem","position":3,"name":"Knalltilbod p\u00e5 familierom"}]},{"@type":"WebSite","@id":"https:\/\/voringfoss-hotel.no\/no\/#website","url":"https:\/\/voringfoss-hotel.no\/no\/","name":"V\u00f8ringfoss Hotel by Fjordtind","description":"Sjekk inn i Hardanger","publisher":{"@id":"https:\/\/voringfoss-hotel.no\/no\/#organization"},"potentialAction":[{"@type":"SearchAction","target":{"@type":"EntryPoint","urlTemplate":"https:\/\/voringfoss-hotel.no\/no\/?s={search_term_string}"},"query-input":{"@type":"PropertyValueSpecification","valueRequired":true,"valueName":"search_term_string"}}],"inLanguage":"nb-NO"},{"@type":"Organization","@id":"https:\/\/voringfoss-hotel.no\/no\/#organization","name":"Brakanes Hotel","url":"https:\/\/voringfoss-hotel.no\/no\/","logo":{"@type":"ImageObject","inLanguage":"nb-NO","@id":"https:\/\/voringfoss-hotel.no\/no\/#\/schema\/logo\/image\/","url":"https:\/\/voringfoss-hotel.no\/wp-content\/uploads\/brakanes-hotel-hvit.png","contentUrl":"https:\/\/voringfoss-hotel.no\/wp-content\/uploads\/brakanes-hotel-hvit.png","width":820,"height":419,"caption":"Brakanes Hotel"},"image":{"@id":"https:\/\/voringfoss-hotel.no\/no\/#\/schema\/logo\/image\/"},"sameAs":["https:\/\/www.facebook.com\/Hardangerfjord\/"]}]}},"_links":{"self":[{"href":"https:\/\/voringfoss-hotel.no\/no\/wp-json\/wp\/v2\/pages\/1041","targetHints":{"allow":["GET"]}}],"collection":[{"href":"https:\/\/voringfoss-hotel.no\/no\/wp-json\/wp\/v2\/pages"}],"about":[{"href":"https:\/\/voringfoss-hotel.no\/no\/wp-json\/wp\/v2\/types\/page"}],"author":[{"embeddable":true,"href":"https:\/\/voringfoss-hotel.no\/no\/wp-json\/wp\/v2\/users\/2"}],"replies":[{"embeddable":true,"href":"https:\/\/voringfoss-hotel.no\/no\/wp-json\/wp\/v2\/comments?post=1041"}],"version-history":[{"count":0,"href":"https:\/\/voringfoss-hotel.no\/no\/wp-json\/wp\/v2\/pages\/1041\/revisions"}],"up":[{"embeddable":true,"href":"https:\/\/voringfoss-hotel.no\/no\/wp-json\/wp\/v2\/pages\/1044"}],"wp:attachment":[{"href":"https:\/\/voringfoss-hotel.no\/no\/wp-json\/wp\/v2\/media?parent=1041"}],"curies":[{"name":"wp","href":"https:\/\/api.w.org\/{rel}","templated":true}]}}