{"id":1073,"date":"2020-09-22T12:51:03","date_gmt":"2020-09-22T10:51:03","guid":{"rendered":"https:\/\/qualityhotestg.wpenginepowered.com\/tilbod\/julebord\/"},"modified":"2025-08-11T09:24:42","modified_gmt":"2025-08-11T07:24:42","slug":"julebord","status":"publish","type":"page","link":"https:\/\/voringfoss-hotel.no\/no\/tilbod\/julebord\/","title":{"rendered":"Julebord"},"content":{"rendered":"<div class=\"wpb-content-wrapper\"><p>[vc_row full_width=&raquo;stretch_row&raquo; content_placement=&raquo;bottom&raquo; bg_type=&raquo;image&raquo; parallax_style=&raquo;vcpb-default&raquo; bg_image_new=&raquo;id^1664|url^https:\/\/voringfoss-hotel.no\/wp-content\/uploads\/a-la-carte-quality-hotel-voringfoss-ota.jpg|caption^null|alt^null|title^a-la-carte-quality-hotel-voringfoss-ota|description^null&raquo; bg_img_attach=&raquo;fixed&raquo; enable_overlay=&raquo;enable_overlay_value&raquo; overlay_color=&raquo;rgba(10,10,10,0.15)&raquo; el_class=&raquo;padded-image-section&raquo;][vc_column width=&raquo;1\/2&#8243;][vc_column_text css_animation=&raquo;fadeInUp&raquo; css=&raquo;&raquo;]<\/p>\n<h1>Julebord i Hardanger<\/h1>\n<p id=\"b516fd2e-d700-4467-b393-b75afa179891\">P\u00e5 V\u00f8ringfoss Hotel kan du feire avslutninga p\u00e5 \u00e5ret omkransa av fjord og fjell. Med kortreist mat og kanskje levande musikk, ligg alt til rette for ei minnerik avslutning p\u00e5 2025<\/p>\n<p>[\/vc_column_text][vc_column_text css_animation=&raquo;fadeInUp&raquo; el_class=&raquo;primary-button-white&raquo;]<a href=\"#foresporsel\">Send f\u00f8respurnad<\/a>[\/vc_column_text][\/vc_column][vc_column width=&raquo;1\/2&#8243;][\/vc_column][\/vc_row][vc_row gap=&raquo;35&#8243; el_class=&raquo;padded-section&raquo;][vc_column width=&raquo;1\/3&#8243;][vc_column_text css_animation=&raquo;fadeInUp&raquo; el_class=&raquo;heading-line&raquo;]<\/p>\n<h2>Maten<\/h2>\n<p>[\/vc_column_text][\/vc_column][vc_column width=&raquo;2\/3&#8243;][vc_column_text css_animation=&raquo;fadeInUp&raquo;]<\/p>\n<p id=\"e9e5fdae-2e90-4afe-86ab-81e78f8e7d91\">Maten er tradisjonsrik, handlaga og kortreist. R\u00e5varene kan knapt verta mindre verdsvante f\u00f8r dei vert foredla til deilig julemat p\u00e5 kj\u00f8kkenet v\u00e5rt.<\/p>\n<ul id=\"1016a9f1-b7cd-4443-9863-463768a10990\">\n<li>Julebuff\u00e9t med varm mat<\/li>\n<li>Pinnekj\u00f8tt<\/li>\n<li>Lutefisk<\/li>\n<li>Ribbe<\/li>\n<li>Og sj\u00f8lvsagt mykje deilig tilbeh\u00f8r<\/li>\n<\/ul>\n<p>[\/vc_column_text][\/vc_column][\/vc_row][vc_row gap=&raquo;35&#8243;][vc_column width=&raquo;1\/2&#8243;][vc_single_image image=&raquo;1910&#8243; img_size=&raquo;full&raquo; css_animation=&raquo;fadeInUp&raquo;][\/vc_column][vc_column width=&raquo;1\/2&#8243;][vc_single_image image=&raquo;1917&#8243; img_size=&raquo;full&raquo; css_animation=&raquo;fadeInUp&raquo;][\/vc_column][\/vc_row][vc_row gap=&raquo;35&#8243; el_class=&raquo;padded-section&raquo;][vc_column width=&raquo;1\/3&#8243;][vc_column_text css_animation=&raquo;fadeInUp&raquo; el_class=&raquo;heading-line&raquo;]<\/p>\n<h2>Opplevinga<\/h2>\n<p>[\/vc_column_text][\/vc_column][vc_column width=&raquo;2\/3&#8243;][vc_column_text css_animation=&raquo;fadeInUp&raquo;]Joleborda p\u00e5 V\u00f8ringfoss Hotel har gjennom ei \u00e5rrekkje samla kollegaer og vener til ei<br \/>\ngod avslutning p\u00e5 \u00e5ret. Hj\u00e5 oss er det maten som er heidersgjesten og me kan by p\u00e5 nydeleg<br \/>\njulemat laga p\u00e5 lokale r\u00e5varer og pinnekj\u00f8t av Hardangerlam r\u00f8yka p\u00e5 Fykse.<br \/>\nKanskje passar det ogs\u00e5 med ei sidersmaking f\u00f8r middag? Hjarteleg velkomne![\/vc_column_text][\/vc_column][\/vc_row][vc_row][vc_column][vc_single_image image=&raquo;1646&#8243; img_size=&raquo;full&raquo; css_animation=&raquo;fadeInUp&raquo;][\/vc_column][\/vc_row][vc_row gap=&raquo;35&#8243; el_class=&raquo;padded-section&raquo;][vc_column width=&raquo;1\/2&#8243;][vc_column_text css_animation=&raquo;fadeInUp&raquo; css=&raquo;.vc_custom_1567085133818{margin-bottom: 35px !important;}&raquo;]<\/p>\n<h2>Overnattinga<\/h2>\n<p>[\/vc_column_text][vc_column_text css_animation=&raquo;fadeInUp&raquo; css=&raquo;.vc_custom_1662619816711{margin-top: 35px !important;}&raquo;]Vakn opp til utsikt over mektig fjord. Vi har b\u00e5de enkle og doble rom med mulighet for utsikt over fjord og fjell.[\/vc_column_text][\/vc_column][vc_column width=&raquo;1\/2&#8243;][vc_column_text css_animation=&raquo;fadeInUp&raquo; css=&raquo;.vc_custom_1567085146308{margin-bottom: 35px !important;}&raquo;]<\/p>\n<h2>Turen<\/h2>\n<p>[\/vc_column_text][vc_column_text css_animation=&raquo;fadeInUp&raquo;]Turen til Eidfjord er ei oppleving i seg sj\u00f8lv og slyngar seg kringom fjell og mellom fjord fr\u00e5 Bergen. Vi hjelper deg sj\u00f8lvsagt med transport til f\u00f8lget ditt.[\/vc_column_text][\/vc_column][\/vc_row][vc_row gap=&raquo;35&#8243;][vc_column width=&raquo;1\/2&#8243;][vc_single_image image=&raquo;1927&#8243; img_size=&raquo;full&raquo; css_animation=&raquo;fadeInUp&raquo;][\/vc_column][vc_column width=&raquo;1\/2&#8243;][vc_single_image image=&raquo;1928&#8243; img_size=&raquo;600*450&#8243; css_animation=&raquo;fadeInUp&raquo;][\/vc_column][\/vc_row][vc_row gap=&raquo;35&#8243; el_id=&raquo;foresporsel&raquo; el_class=&raquo;padded-section&raquo;][vc_column width=&raquo;1\/2&#8243;][vc_column_text css_animation=&raquo;fadeInUp&raquo;]<\/p>\n<h2>Prisar<\/h2>\n<p style=\"text-align: left;\"><strong>Overnatting og jolebord<\/strong><\/p>\n<p style=\"font-style: inherit; font-weight: inherit; text-align: left;\">Overnatting enkeltrom kr 1695,- \/ dobbeltrom kr 2095,-<\/p>\n<p style=\"font-style: inherit; font-weight: inherit; text-align: left;\"><strong>Jolebord og underholdning\u00a0<\/strong><\/p>\n<p style=\"font-style: inherit; font-weight: inherit; text-align: left;\">Kr 895,- for Varmmat Jolebord Buffet med dessertbord<\/p>\n<p style=\"text-align: left;\">Kr. 295,- for kaldmatstallerken<\/p>\n<p style=\"text-align: left;\"><em>Halv pris for born 4-12 \u00e5r<\/em><\/p>\n<p style=\"text-align: left;\"><em>Gratis for born under 4 \u00e5r<\/em><\/p>\n<p>[\/vc_column_text][\/vc_column][vc_column css_animation=&raquo;fadeInUp&raquo; width=&raquo;1\/2&#8243;][vc_column_text css=&raquo;.vc_custom_1562071000307{margin-bottom: 55px !important;}&raquo;]<\/p>\n<h2>Send f\u00f8respurnad<\/h2>\n<p>Send oss ei melding og fortel oss litt om arrangementet ditt, s\u00e5 kjem vi tilbake til deg.[\/vc_column_text][\/vc_column][\/vc_row][vc_row full_width=&raquo;stretch_row&raquo; bg_type=&raquo;image&raquo; parallax_style=&raquo;vcpb-default&raquo; bg_image_new=&raquo;id^69|url^https:\/\/brakanes-hotel.no\/wp-content\/uploads\/pattern-bg-01.png|caption^null|alt^null|title^pattern-bg-01|description^null&raquo; bg_img_attach=&raquo;fixed&raquo; el_class=&raquo;bottom-row&raquo;][vc_column width=&raquo;1\/3&#8243;][\/vc_column][vc_column width=&raquo;1\/3&#8243;][vc_column_text css_animation=&raquo;fadeInUp&raquo;]<\/p>\n<h2>Opplev Noreg p\u00e5 sitt vakraste<\/h2>\n<p>[\/vc_column_text][\/vc_column][vc_column width=&raquo;1\/3&#8243;][\/vc_column][\/vc_row]<\/p>\n<\/div>","protected":false},"excerpt":{"rendered":"<p>[vc_row full_width=&raquo;stretch_row&raquo; content_placement=&raquo;bottom&raquo; bg_type=&raquo;image&raquo; parallax_style=&raquo;vcpb-default&raquo; bg_image_new=&raquo;id^1664|url^https:\/\/voringfoss-hotel.no\/wp-content\/uploads\/a-la-carte-quality-hotel-voringfoss-ota.jpg|caption^null|alt^null|title^a-la-carte-quality-hotel-voringfoss-ota|description^null&raquo; bg_img_attach=&raquo;fixed&raquo; enable_overlay=&raquo;enable_overlay_value&raquo; overlay_color=&raquo;rgba(10,10,10,0.15)&raquo; el_class=&raquo;padded-image-section&raquo;][vc_column width=&raquo;1\/2&#8243;][vc_column_text css_animation=&raquo;fadeInUp&raquo; css=&raquo;&raquo;] Julebord i Hardanger P\u00e5 V\u00f8ringfoss Hotel kan du feire avslutninga p\u00e5 \u00e5ret omkransa av fjord og fjell. Med kortreist mat og kanskje levande musikk, ligg alt til rette for ei minnerik avslutning p\u00e5 2025 [\/vc_column_text][vc_column_text css_animation=&raquo;fadeInUp&raquo; el_class=&raquo;primary-button-white&raquo;]Send f\u00f8respurnad[\/vc_column_text][\/vc_column][vc_column width=&raquo;1\/2&#8243;][\/vc_column][\/vc_row][vc_row gap=&raquo;35&#8243; el_class=&raquo;padded-section&raquo;][vc_column width=&raquo;1\/3&#8243;][vc_column_text [&hellip;]<\/p>\n","protected":false},"author":2,"featured_media":0,"parent":1044,"menu_order":0,"comment_status":"closed","ping_status":"closed","template":"","meta":{"footnotes":""},"class_list":["post-1073","page","type-page","status-publish","hentry"],"yoast_head":"<!-- This site is optimized with the Yoast SEO plugin v24.5 - https:\/\/yoast.com\/wordpress\/plugins\/seo\/ -->\r\n<title>Julebord | V\u00f8ringfoss Hotel by Fjordtind<\/title>\r\n<meta name=\"robots\" content=\"index, follow, max-snippet:-1, max-image-preview:large, max-video-preview:-1\" \/>\r\n<link rel=\"canonical\" href=\"https:\/\/voringfoss-hotel.no\/no\/tilbod\/julebord\/\" \/>\r\n<meta property=\"og:locale\" content=\"nb_NO\" \/>\r\n<meta property=\"og:type\" content=\"article\" \/>\r\n<meta property=\"og:title\" content=\"Julebord | V\u00f8ringfoss Hotel by Fjordtind\" \/>\r\n<meta property=\"og:description\" content=\"[vc_row full_width=&raquo;stretch_row&raquo; content_placement=&raquo;bottom&raquo; bg_type=&raquo;image&raquo; parallax_style=&raquo;vcpb-default&raquo; bg_image_new=&raquo;id^1664|url^https:\/\/voringfoss-hotel.no\/wp-content\/uploads\/a-la-carte-quality-hotel-voringfoss-ota.jpg|caption^null|alt^null|title^a-la-carte-quality-hotel-voringfoss-ota|description^null&raquo; bg_img_attach=&raquo;fixed&raquo; enable_overlay=&raquo;enable_overlay_value&raquo; overlay_color=&raquo;rgba(10,10,10,0.15)&raquo; el_class=&raquo;padded-image-section&raquo;][vc_column width=&raquo;1\/2&#8243;][vc_column_text css_animation=&raquo;fadeInUp&raquo; css=&raquo;&raquo;] Julebord i Hardanger P\u00e5 V\u00f8ringfoss Hotel kan du feire avslutninga p\u00e5 \u00e5ret omkransa av fjord og fjell. Med kortreist mat og kanskje levande musikk, ligg alt til rette for ei minnerik avslutning p\u00e5 2025 [\/vc_column_text][vc_column_text css_animation=&raquo;fadeInUp&raquo; el_class=&raquo;primary-button-white&raquo;]Send f\u00f8respurnad[\/vc_column_text][\/vc_column][vc_column width=&raquo;1\/2&#8243;][\/vc_column][\/vc_row][vc_row gap=&raquo;35&#8243; el_class=&raquo;padded-section&raquo;][vc_column width=&raquo;1\/3&#8243;][vc_column_text [&hellip;]\" \/>\r\n<meta property=\"og:url\" content=\"https:\/\/voringfoss-hotel.no\/no\/tilbod\/julebord\/\" \/>\r\n<meta property=\"og:site_name\" content=\"V\u00f8ringfoss Hotel by Fjordtind\" \/>\r\n<meta property=\"article:publisher\" content=\"https:\/\/www.facebook.com\/Hardangerfjord\/\" \/>\r\n<meta property=\"article:modified_time\" content=\"2025-08-11T07:24:42+00:00\" \/>\r\n<meta name=\"twitter:card\" content=\"summary_large_image\" \/>\r\n<meta name=\"twitter:label1\" content=\"Ansl. lesetid\" \/>\n\t<meta name=\"twitter:data1\" content=\"2 minutter\" \/>\r\n<script type=\"application\/ld+json\" class=\"yoast-schema-graph\">{\"@context\":\"https:\/\/schema.org\",\"@graph\":[{\"@type\":\"WebPage\",\"@id\":\"https:\/\/voringfoss-hotel.no\/no\/tilbod\/julebord\/\",\"url\":\"https:\/\/voringfoss-hotel.no\/no\/tilbod\/julebord\/\",\"name\":\"Julebord | V\u00f8ringfoss Hotel by Fjordtind\",\"isPartOf\":{\"@id\":\"https:\/\/voringfoss-hotel.no\/no\/#website\"},\"datePublished\":\"2020-09-22T10:51:03+00:00\",\"dateModified\":\"2025-08-11T07:24:42+00:00\",\"breadcrumb\":{\"@id\":\"https:\/\/voringfoss-hotel.no\/no\/tilbod\/julebord\/#breadcrumb\"},\"inLanguage\":\"nb-NO\",\"potentialAction\":[{\"@type\":\"ReadAction\",\"target\":[\"https:\/\/voringfoss-hotel.no\/no\/tilbod\/julebord\/\"]}]},{\"@type\":\"BreadcrumbList\",\"@id\":\"https:\/\/voringfoss-hotel.no\/no\/tilbod\/julebord\/#breadcrumb\",\"itemListElement\":[{\"@type\":\"ListItem\",\"position\":1,\"name\":\"Hjem\",\"item\":\"https:\/\/voringfoss-hotel.no\/no\/\"},{\"@type\":\"ListItem\",\"position\":2,\"name\":\"Tilbod\",\"item\":\"https:\/\/voringfoss-hotel.no\/no\/tilbod\/\"},{\"@type\":\"ListItem\",\"position\":3,\"name\":\"Julebord\"}]},{\"@type\":\"WebSite\",\"@id\":\"https:\/\/voringfoss-hotel.no\/no\/#website\",\"url\":\"https:\/\/voringfoss-hotel.no\/no\/\",\"name\":\"V\u00f8ringfoss Hotel by Fjordtind\",\"description\":\"Sjekk inn i Hardanger\",\"publisher\":{\"@id\":\"https:\/\/voringfoss-hotel.no\/no\/#organization\"},\"potentialAction\":[{\"@type\":\"SearchAction\",\"target\":{\"@type\":\"EntryPoint\",\"urlTemplate\":\"https:\/\/voringfoss-hotel.no\/no\/?s={search_term_string}\"},\"query-input\":{\"@type\":\"PropertyValueSpecification\",\"valueRequired\":true,\"valueName\":\"search_term_string\"}}],\"inLanguage\":\"nb-NO\"},{\"@type\":\"Organization\",\"@id\":\"https:\/\/voringfoss-hotel.no\/no\/#organization\",\"name\":\"Brakanes Hotel\",\"url\":\"https:\/\/voringfoss-hotel.no\/no\/\",\"logo\":{\"@type\":\"ImageObject\",\"inLanguage\":\"nb-NO\",\"@id\":\"https:\/\/voringfoss-hotel.no\/no\/#\/schema\/logo\/image\/\",\"url\":\"https:\/\/voringfoss-hotel.no\/wp-content\/uploads\/brakanes-hotel-hvit.png\",\"contentUrl\":\"https:\/\/voringfoss-hotel.no\/wp-content\/uploads\/brakanes-hotel-hvit.png\",\"width\":820,\"height\":419,\"caption\":\"Brakanes Hotel\"},\"image\":{\"@id\":\"https:\/\/voringfoss-hotel.no\/no\/#\/schema\/logo\/image\/\"},\"sameAs\":[\"https:\/\/www.facebook.com\/Hardangerfjord\/\"]}]}<\/script>\r\n<!-- \/ Yoast SEO plugin. -->","yoast_head_json":{"title":"Julebord | V\u00f8ringfoss Hotel by Fjordtind","robots":{"index":"index","follow":"follow","max-snippet":"max-snippet:-1","max-image-preview":"max-image-preview:large","max-video-preview":"max-video-preview:-1"},"canonical":"https:\/\/voringfoss-hotel.no\/no\/tilbod\/julebord\/","og_locale":"nb_NO","og_type":"article","og_title":"Julebord | V\u00f8ringfoss Hotel by Fjordtind","og_description":"[vc_row full_width=&raquo;stretch_row&raquo; content_placement=&raquo;bottom&raquo; bg_type=&raquo;image&raquo; parallax_style=&raquo;vcpb-default&raquo; bg_image_new=&raquo;id^1664|url^https:\/\/voringfoss-hotel.no\/wp-content\/uploads\/a-la-carte-quality-hotel-voringfoss-ota.jpg|caption^null|alt^null|title^a-la-carte-quality-hotel-voringfoss-ota|description^null&raquo; bg_img_attach=&raquo;fixed&raquo; enable_overlay=&raquo;enable_overlay_value&raquo; overlay_color=&raquo;rgba(10,10,10,0.15)&raquo; el_class=&raquo;padded-image-section&raquo;][vc_column width=&raquo;1\/2&#8243;][vc_column_text css_animation=&raquo;fadeInUp&raquo; css=&raquo;&raquo;] Julebord i Hardanger P\u00e5 V\u00f8ringfoss Hotel kan du feire avslutninga p\u00e5 \u00e5ret omkransa av fjord og fjell. Med kortreist mat og kanskje levande musikk, ligg alt til rette for ei minnerik avslutning p\u00e5 2025 [\/vc_column_text][vc_column_text css_animation=&raquo;fadeInUp&raquo; el_class=&raquo;primary-button-white&raquo;]Send f\u00f8respurnad[\/vc_column_text][\/vc_column][vc_column width=&raquo;1\/2&#8243;][\/vc_column][\/vc_row][vc_row gap=&raquo;35&#8243; el_class=&raquo;padded-section&raquo;][vc_column width=&raquo;1\/3&#8243;][vc_column_text [&hellip;]","og_url":"https:\/\/voringfoss-hotel.no\/no\/tilbod\/julebord\/","og_site_name":"V\u00f8ringfoss Hotel by Fjordtind","article_publisher":"https:\/\/www.facebook.com\/Hardangerfjord\/","article_modified_time":"2025-08-11T07:24:42+00:00","twitter_card":"summary_large_image","twitter_misc":{"Ansl. lesetid":"2 minutter"},"schema":{"@context":"https:\/\/schema.org","@graph":[{"@type":"WebPage","@id":"https:\/\/voringfoss-hotel.no\/no\/tilbod\/julebord\/","url":"https:\/\/voringfoss-hotel.no\/no\/tilbod\/julebord\/","name":"Julebord | V\u00f8ringfoss Hotel by Fjordtind","isPartOf":{"@id":"https:\/\/voringfoss-hotel.no\/no\/#website"},"datePublished":"2020-09-22T10:51:03+00:00","dateModified":"2025-08-11T07:24:42+00:00","breadcrumb":{"@id":"https:\/\/voringfoss-hotel.no\/no\/tilbod\/julebord\/#breadcrumb"},"inLanguage":"nb-NO","potentialAction":[{"@type":"ReadAction","target":["https:\/\/voringfoss-hotel.no\/no\/tilbod\/julebord\/"]}]},{"@type":"BreadcrumbList","@id":"https:\/\/voringfoss-hotel.no\/no\/tilbod\/julebord\/#breadcrumb","itemListElement":[{"@type":"ListItem","position":1,"name":"Hjem","item":"https:\/\/voringfoss-hotel.no\/no\/"},{"@type":"ListItem","position":2,"name":"Tilbod","item":"https:\/\/voringfoss-hotel.no\/no\/tilbod\/"},{"@type":"ListItem","position":3,"name":"Julebord"}]},{"@type":"WebSite","@id":"https:\/\/voringfoss-hotel.no\/no\/#website","url":"https:\/\/voringfoss-hotel.no\/no\/","name":"V\u00f8ringfoss Hotel by Fjordtind","description":"Sjekk inn i Hardanger","publisher":{"@id":"https:\/\/voringfoss-hotel.no\/no\/#organization"},"potentialAction":[{"@type":"SearchAction","target":{"@type":"EntryPoint","urlTemplate":"https:\/\/voringfoss-hotel.no\/no\/?s={search_term_string}"},"query-input":{"@type":"PropertyValueSpecification","valueRequired":true,"valueName":"search_term_string"}}],"inLanguage":"nb-NO"},{"@type":"Organization","@id":"https:\/\/voringfoss-hotel.no\/no\/#organization","name":"Brakanes Hotel","url":"https:\/\/voringfoss-hotel.no\/no\/","logo":{"@type":"ImageObject","inLanguage":"nb-NO","@id":"https:\/\/voringfoss-hotel.no\/no\/#\/schema\/logo\/image\/","url":"https:\/\/voringfoss-hotel.no\/wp-content\/uploads\/brakanes-hotel-hvit.png","contentUrl":"https:\/\/voringfoss-hotel.no\/wp-content\/uploads\/brakanes-hotel-hvit.png","width":820,"height":419,"caption":"Brakanes Hotel"},"image":{"@id":"https:\/\/voringfoss-hotel.no\/no\/#\/schema\/logo\/image\/"},"sameAs":["https:\/\/www.facebook.com\/Hardangerfjord\/"]}]}},"_links":{"self":[{"href":"https:\/\/voringfoss-hotel.no\/no\/wp-json\/wp\/v2\/pages\/1073","targetHints":{"allow":["GET"]}}],"collection":[{"href":"https:\/\/voringfoss-hotel.no\/no\/wp-json\/wp\/v2\/pages"}],"about":[{"href":"https:\/\/voringfoss-hotel.no\/no\/wp-json\/wp\/v2\/types\/page"}],"author":[{"embeddable":true,"href":"https:\/\/voringfoss-hotel.no\/no\/wp-json\/wp\/v2\/users\/2"}],"replies":[{"embeddable":true,"href":"https:\/\/voringfoss-hotel.no\/no\/wp-json\/wp\/v2\/comments?post=1073"}],"version-history":[{"count":1,"href":"https:\/\/voringfoss-hotel.no\/no\/wp-json\/wp\/v2\/pages\/1073\/revisions"}],"predecessor-version":[{"id":2052,"href":"https:\/\/voringfoss-hotel.no\/no\/wp-json\/wp\/v2\/pages\/1073\/revisions\/2052"}],"up":[{"embeddable":true,"href":"https:\/\/voringfoss-hotel.no\/no\/wp-json\/wp\/v2\/pages\/1044"}],"wp:attachment":[{"href":"https:\/\/voringfoss-hotel.no\/no\/wp-json\/wp\/v2\/media?parent=1073"}],"curies":[{"name":"wp","href":"https:\/\/api.w.org\/{rel}","templated":true}]}}