{"id":116,"date":"2019-02-05T13:10:05","date_gmt":"2019-02-05T12:10:05","guid":{"rendered":"https:\/\/qualityhotestg.wpenginepowered.com\/?page_id=116"},"modified":"2023-03-08T15:21:28","modified_gmt":"2023-03-08T14:21:28","slug":"fasiliteter","status":"publish","type":"page","link":"https:\/\/voringfoss-hotel.no\/no\/fasiliteter\/","title":{"rendered":"Fasiliteter"},"content":{"rendered":"<div class=\"wpb-content-wrapper\"><p>[vc_row full_width=&raquo;stretch_row&raquo; content_placement=&raquo;bottom&raquo; bg_type=&raquo;image&raquo; parallax_style=&raquo;vcpb-default&raquo; bg_image_new=&raquo;id^195|url^http:\/\/voringfoss-hotel.no\/wp-content\/uploads\/fasiliteter-brakanes.jpg|caption^null|alt^null|title^fasiliteter-brakanes|description^null&raquo; bg_img_attach=&raquo;fixed&raquo; enable_overlay=&raquo;enable_overlay_value&raquo; overlay_color=&raquo;rgba(10,10,10,0.15)&raquo; el_class=&raquo;padded-image-section&raquo;][vc_column width=&raquo;1\/2&#8243;][vc_column_text css_animation=&raquo;fadeInUp&raquo;]<\/p>\n<h1>Fasiliteter<\/h1>\n<p>Slapp av med en forfriskning i baren eller f\u00e5 en smak av Hardanger i restauranten v\u00e5r. Om sommeren er det f\u00e5 ting som er bedre enn \u00e5 nyte solen i hotellhagen med utsikt mot fjord og fjell.[\/vc_column_text][\/vc_column][vc_column width=&raquo;1\/2&#8243;][\/vc_column][\/vc_row][vc_row el_class=&raquo;padded-section-big&raquo;][vc_column width=&raquo;1\/3&#8243;][vc_column_text css_animation=&raquo;fadeInUp&raquo;]<\/p>\n<h2>Onen restaurant og bar<\/h2>\n<p>[\/vc_column_text][\/vc_column][vc_column width=&raquo;2\/3&#8243;][vc_column_text css_animation=&raquo;fadeInUp&raquo;]I restauranten v\u00e5r p\u00e5 V\u00f8ringfoss Hotel er det lokale r\u00e5varer og kortreist drikke som st\u00e5r p\u00e5 menyen, \u00e5ret rundt. Lokal sider er s\u00e5 og si selvsagt, men vi har ogs\u00e5 mange andre godbiter \u00e5 by p\u00e5. Hvorfor ikke avslutte en nydelig treretter med lokalprodusert sjokolade fra Fj\u00e5k og is fra DolceVidda?[\/vc_column_text][vc_column_text css_animation=&raquo;fadeInUp&raquo; el_class=&raquo;primary-button&raquo;]<a href=\"https:\/\/voringfoss-hotel.no\/no\/mat-og-drikke\/\">Les mer om mat og drikke p\u00e5 V\u00f8ringfoss Hotel\u00a0<i class=\"fal fa-long-arrow-right\"><\/i><\/a>[\/vc_column_text][\/vc_column][\/vc_row][vc_row][vc_column][vc_single_image image=&raquo;1671&#8243; img_size=&raquo;full&raquo; css_animation=&raquo;fadeInUp&raquo;][\/vc_column][\/vc_row][vc_row gap=&raquo;35&#8243; el_class=&raquo;padded-section&raquo;][vc_column width=&raquo;1\/2&#8243;][vc_column_text css_animation=&raquo;fadeInUp&raquo; css=&raquo;.vc_custom_1678285193216{margin-bottom: 35px !important;}&raquo;]<\/p>\n<h2>Spabehandlinger<\/h2>\n<p>[\/vc_column_text][vc_column_text css_animation=&raquo;fadeInUp&raquo; css=&raquo;.vc_custom_1678284979372{margin-top: 35px !important;}&raquo;]Nyt oppholdet ved fjorden med en avslappende massasje. Vi har en rik spameny med b\u00e5de aromamassasje, varme steiner, sportsmassasje, anti-cellulit massasje og mer.[\/vc_column_text][vc_column_text el_class=&raquo;primary-button&raquo;]<a href=\"https:\/\/voringfoss-hotel.no\/spabehandlingar\/\">Se spameny <i class=\"fal fa-long-arrow-right\"><\/i><\/a>[\/vc_column_text][\/vc_column][vc_column width=&raquo;1\/2&#8243;][vc_column_text css_animation=&raquo;fadeInUp&raquo; css=&raquo;.vc_custom_1551256465619{margin-bottom: 35px !important;}&raquo;]<\/p>\n<h2>Hage og uteomr\u00e5de<\/h2>\n<p>[\/vc_column_text][vc_column_text css_animation=&raquo;fadeInUp&raquo; css=&raquo;.vc_custom_1659711171043{margin-top: 35px !important;}&raquo;]Hotellhagen er stedet \u00e5 oppholde seg n\u00e5r solen skinner og \u2013 om du er ekte vestlending \u2013 gjerne n\u00e5r sola ikke skinner ogs\u00e5. Kr\u00e5keskarvet ligger kun et par gode steinkast unna og byr p\u00e5 sandstrand, stupebrett, dusj og toalett. Bading om sommeren, isbading om vinteren.[\/vc_column_text][\/vc_column][\/vc_row][vc_row el_class=&raquo;padded-section-bottom&raquo;][vc_column][vc_single_image image=&raquo;1746&#8243; img_size=&raquo;full&raquo; css_animation=&raquo;fadeInUp&raquo;][\/vc_column][\/vc_row][vc_row full_width=&raquo;stretch_row&raquo; gap=&raquo;35&#8243; disable_element=&raquo;yes&raquo; el_class=&raquo;padded-section&raquo; el_id=&raquo;hardangerbadet&raquo;][vc_column width=&raquo;1\/2&#8243;][vc_column_text css_animation=&raquo;fadeInUp&raquo; css=&raquo;.vc_custom_1572427311120{margin-bottom: 35px !important;}&raquo;]<\/p>\n<h2>Bassengene<\/h2>\n<p>[\/vc_column_text][vc_column_text css_animation=&raquo;fadeInUp&raquo; css=&raquo;.vc_custom_1572942059408{margin-bottom: 45px !important;}&raquo;]Hardangerbadet har hele tre forskjellige bassenger som gjestene v\u00e5re f\u00e5r gratis adgang til:<\/p>\n<ul>\n<li>Familiebasseng som holder 28 C med plaskekulp, klatrevegg og motstr\u00f8mskanal<\/li>\n<li>Treningsbasseng som holder 28 C med 6 baner p\u00e5 25 meter<\/li>\n<\/ul>\n<p>I tillegg har du ogs\u00e5 tilgang p\u00e5 stupet\u00e5rn og rutsjebane.[\/vc_column_text][vc_column_text css_animation=&raquo;fadeInUp&raquo; css=&raquo;.vc_custom_1572427551812{margin-bottom: 35px !important;}&raquo;]<\/p>\n<h2>Treningsrom<\/h2>\n<p>[\/vc_column_text][vc_column_text css_animation=&raquo;fadeInUp&raquo; css=&raquo;.vc_custom_1572427593322{margin-bottom: 45px !important;}&raquo;]I Hardangerbadet f\u00e5r du ogs\u00e5 tilgang p\u00e5 nytt og moderne treningsrom med alt av utstyr for basis-, utholdenhets- og styrketrening.[\/vc_column_text][\/vc_column][vc_column width=&raquo;1\/2&#8243;][vc_column_text css_animation=&raquo;fadeInUp&raquo; css=&raquo;.vc_custom_1572427600522{margin-bottom: 35px !important;}&raquo;]<\/p>\n<h2>Sauna<\/h2>\n<p>[\/vc_column_text][vc_column_text css_animation=&raquo;fadeInUp&raquo; css=&raquo;.vc_custom_1572427816744{margin-bottom: 45px !important;}&raquo;]I Hardangerbadet kan du ogs\u00e5 slappe av i saunaen. Midt i blinken dersom vestlandsv\u00e6ret ikke spiller p\u00e5 lag.[\/vc_column_text][\/vc_column][\/vc_row][vc_row full_width=&raquo;stretch_row&raquo; full_height=&raquo;yes&raquo; bg_type=&raquo;image&raquo; parallax_style=&raquo;vcpb-default&raquo; bg_image_new=&raquo;id^22|url^http:\/\/voringfoss-hotel.no\/wp-content\/uploads\/ciderrute.jpg|caption^null|alt^null|title^ciderrute|description^null&raquo; bg_img_attach=&raquo;fixed&raquo; enable_overlay=&raquo;enable_overlay_value&raquo; overlay_color=&raquo;rgba(31,81,97,0.2)&raquo; el_class=&raquo;white-text&raquo;][vc_column][vc_row_inner][vc_column_inner width=&raquo;1\/4&#8243;][\/vc_column_inner][vc_column_inner width=&raquo;1\/2&#8243;][vc_column_text css_animation=&raquo;fadeInUp&raquo;]<\/p>\n<h2 class=\"slim-line\">For deg som er glad i vakker natur, nydelig kortreist mat og sterke naturopplevelser.<\/h2>\n<p>[\/vc_column_text][\/vc_column_inner][vc_column_inner width=&raquo;1\/4&#8243;][\/vc_column_inner][\/vc_row_inner][\/vc_column][\/vc_row][vc_row][vc_column]<div class=\"templatera_shortcode\"><div data-vc-full-width=\"true\" data-vc-full-width-init=\"false\" class=\"vc_row wpb_row vc_row-fluid padded-section-big-top\"><div class=\"wpb_column vc_column_container vc_col-sm-4\"><div class=\"vc_column-inner\"><div class=\"wpb_wrapper\"><\/div><\/div><\/div><div class=\"wpb_column vc_column_container vc_col-sm-4\"><div class=\"vc_column-inner\"><div class=\"wpb_wrapper\">\n\t<div class=\"wpb_text_column wpb_content_element wpb_animate_when_almost_visible wpb_fadeInUp fadeInUp\" >\n\t\t<div class=\"wpb_wrapper\">\n\t\t\t<div class=\"slim-line-heading\"><\/div>\n<h2 class=\"slim-line\">V\u00e5re rom<\/h2>\n\n\t\t<\/div>\n\t<\/div>\n\n\t<div class=\"wpb_text_column wpb_content_element vc_custom_1659710460520\" >\n\t\t<div class=\"wpb_wrapper\">\n\t\t\t<p>Lune rom med utsikt mot fjord og fjell.<\/p>\n\n\t\t<\/div>\n\t<\/div>\n<\/div><\/div><\/div><div class=\"wpb_column vc_column_container vc_col-sm-4\"><div class=\"vc_column-inner\"><div class=\"wpb_wrapper\"><\/div><\/div><\/div><\/div><div class=\"vc_row-full-width vc_clearfix\"><\/div><!-- Row Backgrounds --><div class=\"upb_color\" data-bg-override=\"0\" data-bg-color=\"rgba(146,178,191,0.16)\" data-fadeout=\"\" data-fadeout-percentage=\"30\" data-parallax-content=\"\" data-parallax-content-sense=\"30\" data-row-effect-mobile-disable=\"true\" data-img-parallax-mobile-disable=\"true\" data-rtl=\"false\"  data-custom-vc-row=\"\"  data-vc=\"8.2\"  data-is_old_vc=\"\"  data-theme-support=\"\"   data-overlay=\"false\" data-overlay-color=\"\" data-overlay-pattern=\"\" data-overlay-pattern-opacity=\"\" data-overlay-pattern-size=\"\"    ><\/div><div data-vc-full-width=\"true\" data-vc-full-width-init=\"false\" class=\"vc_row wpb_row vc_row-fluid padded-section-medium-big vc_column-gap-20 vc_row-o-content-middle vc_row-flex\"><div class=\"wpb_animate_when_almost_visible wpb_fadeInUp fadeInUp wpb_column vc_column_container vc_col-sm-3\"><div class=\"vc_column-inner\"><div class=\"wpb_wrapper\"><div class=\"ult-content-box-container box-link\" >\t<a class=\"ult-content-box-anchor\" href=\"https:\/\/voringfoss-hotel.no\/no\/rommene\/suite\/\" >\t\t<div class=\"ult-content-box\" style=\"box-shadow: px px px px none;-webkit-transition: all 700ms ease;-moz-transition: all 700ms ease;-ms-transition: all 700ms ease;-o-transition: all 700ms ease;transition: all 700ms ease;\"  data-hover_box_shadow=\"none\"    ><div class=\"vc_row wpb_row vc_inner vc_row-fluid\"><div class=\"box-top-rooms wpb_column vc_column_container vc_col-sm-12\"><div class=\"vc_column-inner\"><div class=\"wpb_wrapper\"><\/div><\/div><\/div><\/div><div class=\"vc_row wpb_row vc_inner vc_row-fluid\"><div class=\"box-bottom wpb_column vc_column_container vc_col-sm-12\"><div class=\"vc_column-inner\"><div class=\"wpb_wrapper\">\n\t<div  class=\"wpb_single_image wpb_content_element vc_align_left wpb_content_element vc_custom_1725871195099  box-image\">\n\t\t\n\t\t<figure class=\"wpb_wrapper vc_figure\">\n\t\t\t<div class=\"vc_single_image-wrapper   vc_box_border_grey\"><img decoding=\"async\" class=\"vc_single_image-img \" src=\"https:\/\/voringfoss-hotel.no\/wp-content\/uploads\/suite_4_compressed-1000x1000.jpg\" width=\"1000\" height=\"1000\" alt=\"suite\" title=\"suite_4_compressed\" loading=\"lazy\" \/><\/div>\n\t\t<\/figure>\n\t<\/div>\n\n\t<div class=\"wpb_text_column wpb_content_element\" >\n\t\t<div class=\"wpb_wrapper\">\n\t\t\t<h2>Suite<\/h2>\n<p>Dette er rommet for deg som vil unne deg noe ekstra n\u00e5r du bes\u00f8ker Hardanger.<\/p>\n\n\t\t<\/div>\n\t<\/div>\n<\/div><\/div><\/div><\/div>\t\t<\/div>\t<\/a><\/div><\/div><\/div><\/div><div class=\"wpb_animate_when_almost_visible wpb_fadeInUp fadeInUp wpb_column vc_column_container vc_col-sm-3\"><div class=\"vc_column-inner\"><div class=\"wpb_wrapper\"><div class=\"ult-content-box-container box-link\" >\t<a class=\"ult-content-box-anchor\" href=\"https:\/\/voringfoss-hotel.no\/no\/rommene\/dobbeltrom-med-fjordutsikt-og-balkong\/\" >\t\t<div class=\"ult-content-box\" style=\"box-shadow: px px px px none;-webkit-transition: all 700ms ease;-moz-transition: all 700ms ease;-ms-transition: all 700ms ease;-o-transition: all 700ms ease;transition: all 700ms ease;\"  data-hover_box_shadow=\"none\"    ><div class=\"vc_row wpb_row vc_inner vc_row-fluid\"><div class=\"box-top-rooms wpb_column vc_column_container vc_col-sm-12\"><div class=\"vc_column-inner\"><div class=\"wpb_wrapper\"><\/div><\/div><\/div><\/div><div class=\"vc_row wpb_row vc_inner vc_row-fluid\"><div class=\"box-bottom wpb_column vc_column_container vc_col-sm-12\"><div class=\"vc_column-inner\"><div class=\"wpb_wrapper\">\n\t<div  class=\"wpb_single_image wpb_content_element vc_align_left wpb_content_element vc_custom_1725626039401  box-image\">\n\t\t\n\t\t<figure class=\"wpb_wrapper vc_figure\">\n\t\t\t<div class=\"vc_single_image-wrapper   vc_box_border_grey\"><img decoding=\"async\" class=\"vc_single_image-img \" src=\"https:\/\/voringfoss-hotel.no\/wp-content\/uploads\/deluxe1-1000x1000.jpg\" width=\"1000\" height=\"1000\" alt=\"deluxe rom\" title=\"deluxe1\" loading=\"lazy\" \/><\/div>\n\t\t<\/figure>\n\t<\/div>\n\n\t<div class=\"wpb_text_column wpb_content_element\" >\n\t\t<div class=\"wpb_wrapper\">\n\t\t\t<h2>Dobbeltrom med fjordutsikt og balkong<\/h2>\n<p>Dobbeltrom med balkong og fantastisk utsikt til Hardangerfjorden.<\/p>\n\n\t\t<\/div>\n\t<\/div>\n<\/div><\/div><\/div><\/div>\t\t<\/div>\t<\/a><\/div><\/div><\/div><\/div><div class=\"wpb_animate_when_almost_visible wpb_fadeInUp fadeInUp wpb_column vc_column_container vc_col-sm-3\"><div class=\"vc_column-inner\"><div class=\"wpb_wrapper\"><div class=\"ult-content-box-container box-link\" >\t<a class=\"ult-content-box-anchor\" href=\"https:\/\/voringfoss-hotel.no\/romma\/dobbeltrom-med-fjordutsikt\/\" >\t\t<div class=\"ult-content-box\" style=\"box-shadow: px px px px none;-webkit-transition: all 700ms ease;-moz-transition: all 700ms ease;-ms-transition: all 700ms ease;-o-transition: all 700ms ease;transition: all 700ms ease;\"  data-hover_box_shadow=\"none\"    ><div class=\"vc_row wpb_row vc_inner vc_row-fluid\"><div class=\"box-top-rooms wpb_column vc_column_container vc_col-sm-12\"><div class=\"vc_column-inner\"><div class=\"wpb_wrapper\"><\/div><\/div><\/div><\/div><div class=\"vc_row wpb_row vc_inner vc_row-fluid\"><div class=\"box-bottom wpb_column vc_column_container vc_col-sm-12\"><div class=\"vc_column-inner\"><div class=\"wpb_wrapper\">\n\t<div  class=\"wpb_single_image wpb_content_element vc_align_left wpb_content_element vc_custom_1725626045877  box-image\">\n\t\t\n\t\t<figure class=\"wpb_wrapper vc_figure\">\n\t\t\t<div class=\"vc_single_image-wrapper   vc_box_border_grey\"><img decoding=\"async\" class=\"vc_single_image-img \" src=\"https:\/\/voringfoss-hotel.no\/wp-content\/uploads\/13-Fotograf-Arkitekturfoto-ved-Montag_voringsfossen-hotell_Untitled-Session10837_HDR-min-1000x1000.jpg\" width=\"1000\" height=\"1000\" alt=\"superior rom\" title=\"\" loading=\"lazy\" \/><\/div>\n\t\t<\/figure>\n\t<\/div>\n\n\t<div class=\"wpb_text_column wpb_content_element\" >\n\t\t<div class=\"wpb_wrapper\">\n\t\t\t<h2>Dobbeltrom med fjordutsikt<\/h2>\n<p>Disse dobbeltrommene kan by p\u00e5 flott utsikt over fjorden.<\/p>\n\n\t\t<\/div>\n\t<\/div>\n<\/div><\/div><\/div><\/div>\t\t<\/div>\t<\/a><\/div><\/div><\/div><\/div><div class=\"wpb_animate_when_almost_visible wpb_fadeInUp fadeInUp wpb_column vc_column_container vc_col-sm-3\"><div class=\"vc_column-inner\"><div class=\"wpb_wrapper\"><div class=\"ult-content-box-container box-link\" >\t<a class=\"ult-content-box-anchor\" href=\"https:\/\/voringfoss-hotel.no\/romma\/dobbeltrom-med-fjellutsikt\/\" >\t\t<div class=\"ult-content-box\" style=\"box-shadow: px px px px none;-webkit-transition: all 700ms ease;-moz-transition: all 700ms ease;-ms-transition: all 700ms ease;-o-transition: all 700ms ease;transition: all 700ms ease;\"  data-hover_box_shadow=\"none\"    ><div class=\"vc_row wpb_row vc_inner vc_row-fluid\"><div class=\"box-top-rooms wpb_column vc_column_container vc_col-sm-12\"><div class=\"vc_column-inner\"><div class=\"wpb_wrapper\"><\/div><\/div><\/div><\/div><div class=\"vc_row wpb_row vc_inner vc_row-fluid\"><div class=\"box-bottom wpb_column vc_column_container vc_col-sm-12\"><div class=\"vc_column-inner\"><div class=\"wpb_wrapper\">\n\t<div  class=\"wpb_single_image wpb_content_element vc_align_left wpb_content_element vc_custom_1659710443256  box-image\">\n\t\t\n\t\t<figure class=\"wpb_wrapper vc_figure\">\n\t\t\t<div class=\"vc_single_image-wrapper   vc_box_border_grey\"><img decoding=\"async\" class=\"vc_single_image-img \" src=\"https:\/\/voringfoss-hotel.no\/wp-content\/uploads\/dobbeltrom_fjellutsikt-4.jpg\" width=\"1000\" height=\"1000\" alt=\"dobbeltrom_fjellutsikt-4\" title=\"dobbeltrom_fjellutsikt-4\" loading=\"lazy\" \/><\/div>\n\t\t<\/figure>\n\t<\/div>\n\n\t<div class=\"wpb_text_column wpb_content_element\" >\n\t\t<div class=\"wpb_wrapper\">\n\t\t\t<h2>Dobbeltrom med fjellutsikt<\/h2>\n<p>Disse lune dobbeltrommene har utsikt over bygden og dalen.<\/p>\n\n\t\t<\/div>\n\t<\/div>\n<\/div><\/div><\/div><\/div>\t\t<\/div>\t<\/a><\/div><\/div><\/div><\/div><\/div><div class=\"vc_row-full-width vc_clearfix\"><\/div><!-- Row Backgrounds --><div class=\"upb_color\" data-bg-override=\"0\" data-bg-color=\"rgba(146,178,191,0.16)\" data-fadeout=\"\" data-fadeout-percentage=\"30\" data-parallax-content=\"\" data-parallax-content-sense=\"30\" data-row-effect-mobile-disable=\"true\" data-img-parallax-mobile-disable=\"true\" data-rtl=\"false\"  data-custom-vc-row=\"\"  data-vc=\"8.2\"  data-is_old_vc=\"\"  data-theme-support=\"\"   data-overlay=\"false\" data-overlay-color=\"\" data-overlay-pattern=\"\" data-overlay-pattern-opacity=\"\" data-overlay-pattern-size=\"\"    ><\/div><\/div>[\/vc_column][\/vc_row][vc_row full_width=&raquo;stretch_row&raquo; bg_type=&raquo;image&raquo; parallax_style=&raquo;vcpb-default&raquo; bg_image_new=&raquo;id^69|url^http:\/\/voringfoss-hotel.no\/wp-content\/uploads\/pattern-bg-01.png|caption^null|alt^null|title^pattern-bg-01|description^null&raquo; bg_img_attach=&raquo;fixed&raquo; el_class=&raquo;bottom-row&raquo;][vc_column width=&raquo;1\/3&#8243;][\/vc_column][vc_column width=&raquo;1\/3&#8243;][vc_column_text css_animation=&raquo;fadeInUp&raquo;]<\/p>\n<h2>Opplev Norge p\u00e5 sitt vakreste<\/h2>\n<p>[\/vc_column_text][vc_column_text css_animation=&raquo;fadeInUp&raquo; el_class=&raquo;booking-link&raquo;]<a href=\"https:\/\/voringfoss-hotel.no\/no\/bestill-rom\/\">Bestill rom i dag<i class=\"fal fa-long-arrow-right\"><\/i><\/a>[\/vc_column_text][\/vc_column][vc_column width=&raquo;1\/3&#8243;][\/vc_column][\/vc_row]<\/p>\n<\/div>","protected":false},"excerpt":{"rendered":"Fasiliteter Slapp av med en forfriskning i baren eller f\u00e5 en smak av Hardanger i restauranten v\u00e5r. Om sommeren er det f\u00e5 ting som er bedre enn \u00e5 nyte solen i hotellhagen med utsikt mot fjord og fjell. Onen restaurant og bar I restauranten v\u00e5r p\u00e5 V\u00f8ringfoss Hotel er det lokale r\u00e5varer og kortreist drikke ...","protected":false},"author":2,"featured_media":0,"parent":0,"menu_order":14,"comment_status":"closed","ping_status":"closed","template":"","meta":{"footnotes":""},"class_list":["post-116","page","type-page","status-publish","hentry"],"yoast_head":"<!-- This site is optimized with the Yoast SEO plugin v24.5 - https:\/\/yoast.com\/wordpress\/plugins\/seo\/ -->\r\n<title>Fasiliteter | V\u00f8ringfoss Hotel by Fjordtind<\/title>\r\n<meta name=\"description\" content=\"I idylliske Ulvik kan du finne roen enten du skal overnatte en helg, feire bryllup eller arrangere kurs eller konferanse.\" \/>\r\n<meta name=\"robots\" content=\"index, follow, max-snippet:-1, max-image-preview:large, max-video-preview:-1\" \/>\r\n<link rel=\"canonical\" href=\"https:\/\/voringfoss-hotel.no\/no\/fasiliteter\/\" \/>\r\n<meta property=\"og:locale\" content=\"nb_NO\" \/>\r\n<meta property=\"og:type\" content=\"article\" \/>\r\n<meta property=\"og:title\" content=\"Fasiliteter | V\u00f8ringfoss Hotel by Fjordtind\" \/>\r\n<meta property=\"og:description\" content=\"I idylliske Ulvik kan du finne roen enten du skal overnatte en helg, feire bryllup eller arrangere kurs eller konferanse.\" \/>\r\n<meta property=\"og:url\" content=\"https:\/\/voringfoss-hotel.no\/no\/fasiliteter\/\" \/>\r\n<meta property=\"og:site_name\" content=\"V\u00f8ringfoss Hotel by Fjordtind\" \/>\r\n<meta property=\"article:publisher\" content=\"https:\/\/www.facebook.com\/Hardangerfjord\/\" \/>\r\n<meta property=\"article:modified_time\" content=\"2023-03-08T14:21:28+00:00\" \/>\r\n<meta name=\"twitter:card\" content=\"summary_large_image\" \/>\r\n<meta name=\"twitter:label1\" content=\"Ansl. lesetid\" \/>\n\t<meta name=\"twitter:data1\" content=\"2 minutter\" \/>\r\n<script type=\"application\/ld+json\" class=\"yoast-schema-graph\">{\"@context\":\"https:\/\/schema.org\",\"@graph\":[{\"@type\":\"WebPage\",\"@id\":\"https:\/\/voringfoss-hotel.no\/no\/fasiliteter\/\",\"url\":\"https:\/\/voringfoss-hotel.no\/no\/fasiliteter\/\",\"name\":\"Fasiliteter | V\u00f8ringfoss Hotel by Fjordtind\",\"isPartOf\":{\"@id\":\"https:\/\/voringfoss-hotel.no\/no\/#website\"},\"datePublished\":\"2019-02-05T12:10:05+00:00\",\"dateModified\":\"2023-03-08T14:21:28+00:00\",\"description\":\"I idylliske Ulvik kan du finne roen enten du skal overnatte en helg, feire bryllup eller arrangere kurs eller konferanse.\",\"breadcrumb\":{\"@id\":\"https:\/\/voringfoss-hotel.no\/no\/fasiliteter\/#breadcrumb\"},\"inLanguage\":\"nb-NO\",\"potentialAction\":[{\"@type\":\"ReadAction\",\"target\":[\"https:\/\/voringfoss-hotel.no\/no\/fasiliteter\/\"]}]},{\"@type\":\"BreadcrumbList\",\"@id\":\"https:\/\/voringfoss-hotel.no\/no\/fasiliteter\/#breadcrumb\",\"itemListElement\":[{\"@type\":\"ListItem\",\"position\":1,\"name\":\"Hjem\",\"item\":\"https:\/\/voringfoss-hotel.no\/no\/\"},{\"@type\":\"ListItem\",\"position\":2,\"name\":\"Fasiliteter\"}]},{\"@type\":\"WebSite\",\"@id\":\"https:\/\/voringfoss-hotel.no\/no\/#website\",\"url\":\"https:\/\/voringfoss-hotel.no\/no\/\",\"name\":\"V\u00f8ringfoss Hotel by Fjordtind\",\"description\":\"Sjekk inn i Hardanger\",\"publisher\":{\"@id\":\"https:\/\/voringfoss-hotel.no\/no\/#organization\"},\"potentialAction\":[{\"@type\":\"SearchAction\",\"target\":{\"@type\":\"EntryPoint\",\"urlTemplate\":\"https:\/\/voringfoss-hotel.no\/no\/?s={search_term_string}\"},\"query-input\":{\"@type\":\"PropertyValueSpecification\",\"valueRequired\":true,\"valueName\":\"search_term_string\"}}],\"inLanguage\":\"nb-NO\"},{\"@type\":\"Organization\",\"@id\":\"https:\/\/voringfoss-hotel.no\/no\/#organization\",\"name\":\"Brakanes Hotel\",\"url\":\"https:\/\/voringfoss-hotel.no\/no\/\",\"logo\":{\"@type\":\"ImageObject\",\"inLanguage\":\"nb-NO\",\"@id\":\"https:\/\/voringfoss-hotel.no\/no\/#\/schema\/logo\/image\/\",\"url\":\"https:\/\/voringfoss-hotel.no\/wp-content\/uploads\/brakanes-hotel-hvit.png\",\"contentUrl\":\"https:\/\/voringfoss-hotel.no\/wp-content\/uploads\/brakanes-hotel-hvit.png\",\"width\":820,\"height\":419,\"caption\":\"Brakanes Hotel\"},\"image\":{\"@id\":\"https:\/\/voringfoss-hotel.no\/no\/#\/schema\/logo\/image\/\"},\"sameAs\":[\"https:\/\/www.facebook.com\/Hardangerfjord\/\"]}]}<\/script>\r\n<!-- \/ Yoast SEO plugin. -->","yoast_head_json":{"title":"Fasiliteter | V\u00f8ringfoss Hotel by Fjordtind","description":"I idylliske Ulvik kan du finne roen enten du skal overnatte en helg, feire bryllup eller arrangere kurs eller konferanse.","robots":{"index":"index","follow":"follow","max-snippet":"max-snippet:-1","max-image-preview":"max-image-preview:large","max-video-preview":"max-video-preview:-1"},"canonical":"https:\/\/voringfoss-hotel.no\/no\/fasiliteter\/","og_locale":"nb_NO","og_type":"article","og_title":"Fasiliteter | V\u00f8ringfoss Hotel by Fjordtind","og_description":"I idylliske Ulvik kan du finne roen enten du skal overnatte en helg, feire bryllup eller arrangere kurs eller konferanse.","og_url":"https:\/\/voringfoss-hotel.no\/no\/fasiliteter\/","og_site_name":"V\u00f8ringfoss Hotel by Fjordtind","article_publisher":"https:\/\/www.facebook.com\/Hardangerfjord\/","article_modified_time":"2023-03-08T14:21:28+00:00","twitter_card":"summary_large_image","twitter_misc":{"Ansl. lesetid":"2 minutter"},"schema":{"@context":"https:\/\/schema.org","@graph":[{"@type":"WebPage","@id":"https:\/\/voringfoss-hotel.no\/no\/fasiliteter\/","url":"https:\/\/voringfoss-hotel.no\/no\/fasiliteter\/","name":"Fasiliteter | V\u00f8ringfoss Hotel by Fjordtind","isPartOf":{"@id":"https:\/\/voringfoss-hotel.no\/no\/#website"},"datePublished":"2019-02-05T12:10:05+00:00","dateModified":"2023-03-08T14:21:28+00:00","description":"I idylliske Ulvik kan du finne roen enten du skal overnatte en helg, feire bryllup eller arrangere kurs eller konferanse.","breadcrumb":{"@id":"https:\/\/voringfoss-hotel.no\/no\/fasiliteter\/#breadcrumb"},"inLanguage":"nb-NO","potentialAction":[{"@type":"ReadAction","target":["https:\/\/voringfoss-hotel.no\/no\/fasiliteter\/"]}]},{"@type":"BreadcrumbList","@id":"https:\/\/voringfoss-hotel.no\/no\/fasiliteter\/#breadcrumb","itemListElement":[{"@type":"ListItem","position":1,"name":"Hjem","item":"https:\/\/voringfoss-hotel.no\/no\/"},{"@type":"ListItem","position":2,"name":"Fasiliteter"}]},{"@type":"WebSite","@id":"https:\/\/voringfoss-hotel.no\/no\/#website","url":"https:\/\/voringfoss-hotel.no\/no\/","name":"V\u00f8ringfoss Hotel by Fjordtind","description":"Sjekk inn i Hardanger","publisher":{"@id":"https:\/\/voringfoss-hotel.no\/no\/#organization"},"potentialAction":[{"@type":"SearchAction","target":{"@type":"EntryPoint","urlTemplate":"https:\/\/voringfoss-hotel.no\/no\/?s={search_term_string}"},"query-input":{"@type":"PropertyValueSpecification","valueRequired":true,"valueName":"search_term_string"}}],"inLanguage":"nb-NO"},{"@type":"Organization","@id":"https:\/\/voringfoss-hotel.no\/no\/#organization","name":"Brakanes Hotel","url":"https:\/\/voringfoss-hotel.no\/no\/","logo":{"@type":"ImageObject","inLanguage":"nb-NO","@id":"https:\/\/voringfoss-hotel.no\/no\/#\/schema\/logo\/image\/","url":"https:\/\/voringfoss-hotel.no\/wp-content\/uploads\/brakanes-hotel-hvit.png","contentUrl":"https:\/\/voringfoss-hotel.no\/wp-content\/uploads\/brakanes-hotel-hvit.png","width":820,"height":419,"caption":"Brakanes Hotel"},"image":{"@id":"https:\/\/voringfoss-hotel.no\/no\/#\/schema\/logo\/image\/"},"sameAs":["https:\/\/www.facebook.com\/Hardangerfjord\/"]}]}},"_links":{"self":[{"href":"https:\/\/voringfoss-hotel.no\/no\/wp-json\/wp\/v2\/pages\/116","targetHints":{"allow":["GET"]}}],"collection":[{"href":"https:\/\/voringfoss-hotel.no\/no\/wp-json\/wp\/v2\/pages"}],"about":[{"href":"https:\/\/voringfoss-hotel.no\/no\/wp-json\/wp\/v2\/types\/page"}],"author":[{"embeddable":true,"href":"https:\/\/voringfoss-hotel.no\/no\/wp-json\/wp\/v2\/users\/2"}],"replies":[{"embeddable":true,"href":"https:\/\/voringfoss-hotel.no\/no\/wp-json\/wp\/v2\/comments?post=116"}],"version-history":[{"count":0,"href":"https:\/\/voringfoss-hotel.no\/no\/wp-json\/wp\/v2\/pages\/116\/revisions"}],"wp:attachment":[{"href":"https:\/\/voringfoss-hotel.no\/no\/wp-json\/wp\/v2\/media?parent=116"}],"curies":[{"name":"wp","href":"https:\/\/api.w.org\/{rel}","templated":true}]}}