{"id":235,"date":"2019-02-27T14:33:54","date_gmt":"2019-02-27T13:33:54","guid":{"rendered":"https:\/\/qualityhotestg.wpenginepowered.com\/?page_id=235"},"modified":"2025-04-04T15:37:14","modified_gmt":"2025-04-04T13:37:14","slug":"kontakt","status":"publish","type":"page","link":"https:\/\/voringfoss-hotel.no\/no\/kontakt\/","title":{"rendered":"Kontakt"},"content":{"rendered":"<div class=\"wpb-content-wrapper\"><p>[vc_row full_width=&raquo;stretch_row&raquo; content_placement=&raquo;bottom&raquo; bg_type=&raquo;image&raquo; parallax_style=&raquo;vcpb-default&raquo; bg_image_new=&raquo;id^195|url^http:\/\/voringfoss-hotel.no\/wp-content\/uploads\/fasiliteter-brakanes.jpg|caption^null|alt^null|title^fasiliteter-brakanes|description^null&raquo; bg_img_attach=&raquo;fixed&raquo; enable_overlay=&raquo;enable_overlay_value&raquo; overlay_color=&raquo;rgba(10,10,10,0.15)&raquo; el_class=&raquo;padded-image-section&raquo;][vc_column width=&raquo;1\/2&#8243;][vc_column_text css_animation=&raquo;fadeInUp&raquo;]<\/p>\n<h1>Kontakt oss<\/h1>\n<p>[\/vc_column_text][\/vc_column][vc_column width=&raquo;1\/2&#8243;][\/vc_column][\/vc_row][vc_row gap=&raquo;35&#8243; el_class=&raquo;padded-section-top&raquo;][vc_column width=&raquo;1\/3&#8243;][vc_column_text css_animation=&raquo;fadeInUp&raquo;]<strong>E-post:<\/strong><br \/>\n<a href=\"mailto:voringfoss@fjordtindhotels.no\">voringfoss@fjordtindhotels.no<\/a><\/p>\n<p><strong>Telefon:\u00a0<\/strong><br \/>\n<a href=\"tel:+4753674100\">+47 53 67 41 00<\/a><\/p>\n<p><strong>Bes\u00f8ksadresse:<br \/>\n<\/strong><a href=\"https:\/\/www.google.com\/maps\/place\/Quality+Hotel+V%C3%B8ringfoss\/@60.4678834,7.0679433,15z\/data=!4m8!3m7!1s0x0:0x6a0d0e5ab5987f74!5m2!4m1!1i2!8m2!3d60.467957!4d7.0678571\" target=\"_blank\" rel=\"noopener noreferrer\">Ostangvegen 20<br \/>\n5783 Eidfjord<\/a>[\/vc_column_text][\/vc_column][vc_column width=&raquo;1\/3&#8243;][vc_column_text css_animation=&raquo;fadeInUp&raquo;]<strong>Postadresse:<\/strong><strong><br \/>\n<\/strong>V\u00f8ringfoss Hotel<br \/>\nOstangvegen 20<br \/>\n5783 Eidfjord<\/p>\n<p><strong>Organisasjonsnummer:\u00a0<\/strong><br \/>\n918670300[\/vc_column_text][\/vc_column][vc_column width=&raquo;1\/3&#8243;][\/vc_column][\/vc_row][vc_row][vc_column][vc_separator el_class=&raquo;padded-section&raquo;][\/vc_column][\/vc_row][vc_row gap=&raquo;35&#8243;][vc_column width=&raquo;1\/3&#8243;][vc_column_text css_animation=&raquo;fadeInUp&raquo;]<strong>Hans Petter Thorbj\u00f8rnsen<\/strong><br \/>\n<em>hotelldirekt\u00f8r<\/em><\/p>\n<p><a href=\"mailto:petter@fjordtindhotels.no\">petter@fjordtindhotels.no<\/a>[\/vc_column_text][\/vc_column][vc_column width=&raquo;1\/3&#8243;][vc_column_text css_animation=&raquo;fadeInUp&raquo;]<strong>Ole-Johnny Odland<\/strong><br \/>\n<em>resepsjonssjef<\/em><\/p>\n<p><a href=\"mailto:johanne@fjordtindhotels.no\">ojo@fjordtindhotels.no<\/a>[\/vc_column_text][\/vc_column][vc_column width=&raquo;1\/3&#8243;][vc_column_text css_animation=&raquo;fadeInUp&raquo;]<strong>Sebastian Gramza <\/strong><br \/>\n<em>kj\u00f8kkensjef<\/em><\/p>\n<p><a href=\"mailto:sebastian@fjordtindhotels.no\">sebastian@fjordtindhotels.no<\/a>[\/vc_column_text][\/vc_column][\/vc_row][vc_row gap=&raquo;35&#8243; el_class=&raquo;padded-section&raquo;][vc_column width=&raquo;1\/3&#8243;][vc_column_text css_animation=&raquo;fadeInUp&raquo;]<strong>Natalia Glowacka<\/strong><br \/>\n<em>restaurantsjef<\/em><\/p>\n<p><a href=\"mailto:natalia@fjordtindhotels.no\">natalia@fjordtindhotels.no<\/a>[\/vc_column_text][\/vc_column][vc_column width=&raquo;1\/3&#8243;][vc_column_text css_animation=&raquo;fadeInUp&raquo;]<strong>Karolina Siwicka <\/strong><br \/>\n<em>hus\u00f8konom<\/em><\/p>\n<p><a href=\"mailto:karolina@fjordtindhotels.no\">karolina@fjordtindhotels.no<\/a>[\/vc_column_text][\/vc_column][vc_column width=&raquo;1\/3&#8243;][\/vc_column][\/vc_row][vc_row full_width=&raquo;stretch_row&raquo; bg_type=&raquo;image&raquo; parallax_style=&raquo;vcpb-default&raquo; bg_image_new=&raquo;id^69|url^http:\/\/voringfoss-hotel.no\/wp-content\/uploads\/pattern-bg-01.png|caption^null|alt^null|title^pattern-bg-01|description^null&raquo; bg_img_attach=&raquo;fixed&raquo; el_class=&raquo;bottom-row&raquo;][vc_column width=&raquo;1\/3&#8243;][\/vc_column][vc_column width=&raquo;1\/3&#8243;][vc_column_text css_animation=&raquo;fadeInUp&raquo;]<\/p>\n<h2>Se ogs\u00e5 v\u00e5re andre hotell i Hardanger<\/h2>\n<p>[\/vc_column_text][vc_column_text css_animation=&raquo;fadeInUp&raquo; el_class=&raquo;booking-link&raquo;]<a href=\"https:\/\/fjordtindhotels.no\/\" target=\"_blank\" rel=\"noopener noreferrer\">fjordtindhotels.no<i class=\"fal fa-long-arrow-right\"><\/i><\/a>[\/vc_column_text][\/vc_column][vc_column width=&raquo;1\/3&#8243;][\/vc_column][\/vc_row]<\/p>\n<\/div>","protected":false},"excerpt":{"rendered":"<p>[vc_row full_width=&raquo;stretch_row&raquo; content_placement=&raquo;bottom&raquo; bg_type=&raquo;image&raquo; parallax_style=&raquo;vcpb-default&raquo; bg_image_new=&raquo;id^195|url^http:\/\/voringfoss-hotel.no\/wp-content\/uploads\/fasiliteter-brakanes.jpg|caption^null|alt^null|title^fasiliteter-brakanes|description^null&raquo; bg_img_attach=&raquo;fixed&raquo; enable_overlay=&raquo;enable_overlay_value&raquo; overlay_color=&raquo;rgba(10,10,10,0.15)&raquo; el_class=&raquo;padded-image-section&raquo;][vc_column width=&raquo;1\/2&#8243;][vc_column_text css_animation=&raquo;fadeInUp&raquo;] Kontakt oss [\/vc_column_text][\/vc_column][vc_column width=&raquo;1\/2&#8243;][\/vc_column][\/vc_row][vc_row gap=&raquo;35&#8243; el_class=&raquo;padded-section-top&raquo;][vc_column width=&raquo;1\/3&#8243;][vc_column_text css_animation=&raquo;fadeInUp&raquo;]E-post: voringfoss@fjordtindhotels.no Telefon:\u00a0 +47 53 67 41 00 Bes\u00f8ksadresse: Ostangvegen 20 5783 Eidfjord[\/vc_column_text][\/vc_column][vc_column width=&raquo;1\/3&#8243;][vc_column_text css_animation=&raquo;fadeInUp&raquo;]Postadresse: V\u00f8ringfoss Hotel Ostangvegen 20 5783 Eidfjord Organisasjonsnummer:\u00a0 918670300[\/vc_column_text][\/vc_column][vc_column width=&raquo;1\/3&#8243;][\/vc_column][\/vc_row][vc_row][vc_column][vc_separator el_class=&raquo;padded-section&raquo;][\/vc_column][\/vc_row][vc_row gap=&raquo;35&#8243;][vc_column width=&raquo;1\/3&#8243;][vc_column_text css_animation=&raquo;fadeInUp&raquo;]Hans Petter Thorbj\u00f8rnsen hotelldirekt\u00f8r petter@fjordtindhotels.no[\/vc_column_text][\/vc_column][vc_column width=&raquo;1\/3&#8243;][vc_column_text css_animation=&raquo;fadeInUp&raquo;]Ole-Johnny Odland resepsjonssjef [&hellip;]<\/p>\n","protected":false},"author":2,"featured_media":0,"parent":0,"menu_order":35,"comment_status":"closed","ping_status":"closed","template":"","meta":{"footnotes":""},"class_list":["post-235","page","type-page","status-publish","hentry"],"yoast_head":"<!-- This site is optimized with the Yoast SEO plugin v24.5 - https:\/\/yoast.com\/wordpress\/plugins\/seo\/ -->\r\n<title>Kontakt | V\u00f8ringfoss Hotel by Fjordtind<\/title>\r\n<meta name=\"description\" content=\"Ta kontakt med oss. Finn kontaktinforamasjon til v\u00e5r hotelldirekt\u00f8r, restaurantsjef, resepsjonssjef og kj\u00f8kkensjef. Se ogs\u00e5 v\u00e5re andre hotell i Hardanger.\" \/>\r\n<meta name=\"robots\" content=\"index, follow, max-snippet:-1, max-image-preview:large, max-video-preview:-1\" \/>\r\n<link rel=\"canonical\" href=\"https:\/\/voringfoss-hotel.no\/no\/kontakt\/\" \/>\r\n<meta property=\"og:locale\" content=\"nb_NO\" \/>\r\n<meta property=\"og:type\" content=\"article\" \/>\r\n<meta property=\"og:title\" content=\"Kontakt | V\u00f8ringfoss Hotel by Fjordtind\" \/>\r\n<meta property=\"og:description\" content=\"Ta kontakt med oss. Finn kontaktinforamasjon til v\u00e5r hotelldirekt\u00f8r, restaurantsjef, resepsjonssjef og kj\u00f8kkensjef. Se ogs\u00e5 v\u00e5re andre hotell i Hardanger.\" \/>\r\n<meta property=\"og:url\" content=\"https:\/\/voringfoss-hotel.no\/no\/kontakt\/\" \/>\r\n<meta property=\"og:site_name\" content=\"V\u00f8ringfoss Hotel by Fjordtind\" \/>\r\n<meta property=\"article:publisher\" content=\"https:\/\/www.facebook.com\/Hardangerfjord\/\" \/>\r\n<meta property=\"article:modified_time\" content=\"2025-04-04T13:37:14+00:00\" \/>\r\n<meta name=\"twitter:card\" content=\"summary_large_image\" \/>\r\n<meta name=\"twitter:label1\" content=\"Ansl. lesetid\" \/>\n\t<meta name=\"twitter:data1\" content=\"1 minutt\" \/>\r\n<script type=\"application\/ld+json\" class=\"yoast-schema-graph\">{\"@context\":\"https:\/\/schema.org\",\"@graph\":[{\"@type\":\"WebPage\",\"@id\":\"https:\/\/voringfoss-hotel.no\/no\/kontakt\/\",\"url\":\"https:\/\/voringfoss-hotel.no\/no\/kontakt\/\",\"name\":\"Kontakt | V\u00f8ringfoss Hotel by Fjordtind\",\"isPartOf\":{\"@id\":\"https:\/\/voringfoss-hotel.no\/no\/#website\"},\"datePublished\":\"2019-02-27T13:33:54+00:00\",\"dateModified\":\"2025-04-04T13:37:14+00:00\",\"description\":\"Ta kontakt med oss. Finn kontaktinforamasjon til v\u00e5r hotelldirekt\u00f8r, restaurantsjef, resepsjonssjef og kj\u00f8kkensjef. Se ogs\u00e5 v\u00e5re andre hotell i Hardanger.\",\"breadcrumb\":{\"@id\":\"https:\/\/voringfoss-hotel.no\/no\/kontakt\/#breadcrumb\"},\"inLanguage\":\"nb-NO\",\"potentialAction\":[{\"@type\":\"ReadAction\",\"target\":[\"https:\/\/voringfoss-hotel.no\/no\/kontakt\/\"]}]},{\"@type\":\"BreadcrumbList\",\"@id\":\"https:\/\/voringfoss-hotel.no\/no\/kontakt\/#breadcrumb\",\"itemListElement\":[{\"@type\":\"ListItem\",\"position\":1,\"name\":\"Hjem\",\"item\":\"https:\/\/voringfoss-hotel.no\/no\/\"},{\"@type\":\"ListItem\",\"position\":2,\"name\":\"Kontakt\"}]},{\"@type\":\"WebSite\",\"@id\":\"https:\/\/voringfoss-hotel.no\/no\/#website\",\"url\":\"https:\/\/voringfoss-hotel.no\/no\/\",\"name\":\"V\u00f8ringfoss Hotel by Fjordtind\",\"description\":\"Sjekk inn i Hardanger\",\"publisher\":{\"@id\":\"https:\/\/voringfoss-hotel.no\/no\/#organization\"},\"potentialAction\":[{\"@type\":\"SearchAction\",\"target\":{\"@type\":\"EntryPoint\",\"urlTemplate\":\"https:\/\/voringfoss-hotel.no\/no\/?s={search_term_string}\"},\"query-input\":{\"@type\":\"PropertyValueSpecification\",\"valueRequired\":true,\"valueName\":\"search_term_string\"}}],\"inLanguage\":\"nb-NO\"},{\"@type\":\"Organization\",\"@id\":\"https:\/\/voringfoss-hotel.no\/no\/#organization\",\"name\":\"Brakanes Hotel\",\"url\":\"https:\/\/voringfoss-hotel.no\/no\/\",\"logo\":{\"@type\":\"ImageObject\",\"inLanguage\":\"nb-NO\",\"@id\":\"https:\/\/voringfoss-hotel.no\/no\/#\/schema\/logo\/image\/\",\"url\":\"https:\/\/voringfoss-hotel.no\/wp-content\/uploads\/brakanes-hotel-hvit.png\",\"contentUrl\":\"https:\/\/voringfoss-hotel.no\/wp-content\/uploads\/brakanes-hotel-hvit.png\",\"width\":820,\"height\":419,\"caption\":\"Brakanes Hotel\"},\"image\":{\"@id\":\"https:\/\/voringfoss-hotel.no\/no\/#\/schema\/logo\/image\/\"},\"sameAs\":[\"https:\/\/www.facebook.com\/Hardangerfjord\/\"]}]}<\/script>\r\n<!-- \/ Yoast SEO plugin. -->","yoast_head_json":{"title":"Kontakt | V\u00f8ringfoss Hotel by Fjordtind","description":"Ta kontakt med oss. Finn kontaktinforamasjon til v\u00e5r hotelldirekt\u00f8r, restaurantsjef, resepsjonssjef og kj\u00f8kkensjef. Se ogs\u00e5 v\u00e5re andre hotell i Hardanger.","robots":{"index":"index","follow":"follow","max-snippet":"max-snippet:-1","max-image-preview":"max-image-preview:large","max-video-preview":"max-video-preview:-1"},"canonical":"https:\/\/voringfoss-hotel.no\/no\/kontakt\/","og_locale":"nb_NO","og_type":"article","og_title":"Kontakt | V\u00f8ringfoss Hotel by Fjordtind","og_description":"Ta kontakt med oss. Finn kontaktinforamasjon til v\u00e5r hotelldirekt\u00f8r, restaurantsjef, resepsjonssjef og kj\u00f8kkensjef. Se ogs\u00e5 v\u00e5re andre hotell i Hardanger.","og_url":"https:\/\/voringfoss-hotel.no\/no\/kontakt\/","og_site_name":"V\u00f8ringfoss Hotel by Fjordtind","article_publisher":"https:\/\/www.facebook.com\/Hardangerfjord\/","article_modified_time":"2025-04-04T13:37:14+00:00","twitter_card":"summary_large_image","twitter_misc":{"Ansl. lesetid":"1 minutt"},"schema":{"@context":"https:\/\/schema.org","@graph":[{"@type":"WebPage","@id":"https:\/\/voringfoss-hotel.no\/no\/kontakt\/","url":"https:\/\/voringfoss-hotel.no\/no\/kontakt\/","name":"Kontakt | V\u00f8ringfoss Hotel by Fjordtind","isPartOf":{"@id":"https:\/\/voringfoss-hotel.no\/no\/#website"},"datePublished":"2019-02-27T13:33:54+00:00","dateModified":"2025-04-04T13:37:14+00:00","description":"Ta kontakt med oss. Finn kontaktinforamasjon til v\u00e5r hotelldirekt\u00f8r, restaurantsjef, resepsjonssjef og kj\u00f8kkensjef. Se ogs\u00e5 v\u00e5re andre hotell i Hardanger.","breadcrumb":{"@id":"https:\/\/voringfoss-hotel.no\/no\/kontakt\/#breadcrumb"},"inLanguage":"nb-NO","potentialAction":[{"@type":"ReadAction","target":["https:\/\/voringfoss-hotel.no\/no\/kontakt\/"]}]},{"@type":"BreadcrumbList","@id":"https:\/\/voringfoss-hotel.no\/no\/kontakt\/#breadcrumb","itemListElement":[{"@type":"ListItem","position":1,"name":"Hjem","item":"https:\/\/voringfoss-hotel.no\/no\/"},{"@type":"ListItem","position":2,"name":"Kontakt"}]},{"@type":"WebSite","@id":"https:\/\/voringfoss-hotel.no\/no\/#website","url":"https:\/\/voringfoss-hotel.no\/no\/","name":"V\u00f8ringfoss Hotel by Fjordtind","description":"Sjekk inn i Hardanger","publisher":{"@id":"https:\/\/voringfoss-hotel.no\/no\/#organization"},"potentialAction":[{"@type":"SearchAction","target":{"@type":"EntryPoint","urlTemplate":"https:\/\/voringfoss-hotel.no\/no\/?s={search_term_string}"},"query-input":{"@type":"PropertyValueSpecification","valueRequired":true,"valueName":"search_term_string"}}],"inLanguage":"nb-NO"},{"@type":"Organization","@id":"https:\/\/voringfoss-hotel.no\/no\/#organization","name":"Brakanes Hotel","url":"https:\/\/voringfoss-hotel.no\/no\/","logo":{"@type":"ImageObject","inLanguage":"nb-NO","@id":"https:\/\/voringfoss-hotel.no\/no\/#\/schema\/logo\/image\/","url":"https:\/\/voringfoss-hotel.no\/wp-content\/uploads\/brakanes-hotel-hvit.png","contentUrl":"https:\/\/voringfoss-hotel.no\/wp-content\/uploads\/brakanes-hotel-hvit.png","width":820,"height":419,"caption":"Brakanes Hotel"},"image":{"@id":"https:\/\/voringfoss-hotel.no\/no\/#\/schema\/logo\/image\/"},"sameAs":["https:\/\/www.facebook.com\/Hardangerfjord\/"]}]}},"_links":{"self":[{"href":"https:\/\/voringfoss-hotel.no\/no\/wp-json\/wp\/v2\/pages\/235","targetHints":{"allow":["GET"]}}],"collection":[{"href":"https:\/\/voringfoss-hotel.no\/no\/wp-json\/wp\/v2\/pages"}],"about":[{"href":"https:\/\/voringfoss-hotel.no\/no\/wp-json\/wp\/v2\/types\/page"}],"author":[{"embeddable":true,"href":"https:\/\/voringfoss-hotel.no\/no\/wp-json\/wp\/v2\/users\/2"}],"replies":[{"embeddable":true,"href":"https:\/\/voringfoss-hotel.no\/no\/wp-json\/wp\/v2\/comments?post=235"}],"version-history":[{"count":1,"href":"https:\/\/voringfoss-hotel.no\/no\/wp-json\/wp\/v2\/pages\/235\/revisions"}],"predecessor-version":[{"id":2009,"href":"https:\/\/voringfoss-hotel.no\/no\/wp-json\/wp\/v2\/pages\/235\/revisions\/2009"}],"wp:attachment":[{"href":"https:\/\/voringfoss-hotel.no\/no\/wp-json\/wp\/v2\/media?parent=235"}],"curies":[{"name":"wp","href":"https:\/\/api.w.org\/{rel}","templated":true}]}}