{"id":96,"date":"2019-01-28T11:30:40","date_gmt":"2019-01-28T10:30:40","guid":{"rendered":"https:\/\/qualityhotestg.wpenginepowered.com\/?page_id=96"},"modified":"2022-08-05T16:58:24","modified_gmt":"2022-08-05T14:58:24","slug":"om-hotellet","status":"publish","type":"page","link":"https:\/\/voringfoss-hotel.no\/no\/om-hotellet\/","title":{"rendered":"Om hotellet"},"content":{"rendered":"<div class=\"wpb-content-wrapper\"><p>[vc_row full_width=&raquo;stretch_row&raquo; content_placement=&raquo;bottom&raquo; bg_type=&raquo;image&raquo; parallax_style=&raquo;vcpb-default&raquo; bg_image_new=&raquo;id^195|url^http:\/\/voringfoss-hotel.no\/wp-content\/uploads\/fasiliteter-brakanes.jpg|caption^null|alt^null|title^fasiliteter-brakanes|description^null&raquo; bg_img_attach=&raquo;fixed&raquo; enable_overlay=&raquo;enable_overlay_value&raquo; overlay_color=&raquo;rgba(10,10,10,0.15)&raquo; el_class=&raquo;padded-image-section&raquo;][vc_column width=&raquo;1\/2&#8243;][vc_column_text css_animation=&raquo;fadeInUp&raquo;]<\/p>\n<h1>V\u00f8ringfoss Hotel<\/h1>\n<p>By Fjordtind[\/vc_column_text][\/vc_column][vc_column width=&raquo;1\/2&#8243;][\/vc_column][\/vc_row][vc_row gap=&raquo;35&#8243; el_class=&raquo;padded-section-big&raquo;][vc_column width=&raquo;1\/3&#8243;][vc_column_text css_animation=&raquo;fadeInUp&raquo; el_class=&raquo;heading-line&raquo;]<\/p>\n<h2>Mer en bare et sted<br \/>\n\u00e5 overnatte<\/h2>\n<p>[\/vc_column_text][\/vc_column][vc_column width=&raquo;2\/3&#8243;][vc_column_text css_animation=&raquo;fadeInUp&raquo;]V\u00f8ringfoss Hotel ligger flott til i Eidfjord ved Hardangerfjorden. Hotellet er et fullservice konferansehotell med moderne utstyr og fasiliteter for opp til 220 personer. Vi st\u00e5r p\u00e5 for \u00e5 gi deg et best mulig opphold og hjelper deg gjerne med \u00e5 planlegge aktiviteter og turer.<\/p>\n<p>V\u00f8ringfoss Hotel er en del av Fjordtind Hotels.[\/vc_column_text][vc_column_text el_class=&raquo;primary-button&raquo;]<a href=\"https:\/\/voringfoss-hotel.no\/no\/bestill-rom\/\">Bestill opphold <i class=\"fal fa-long-arrow-right\"><\/i><\/a> <a href=\"https:\/\/voringfoss-hotel.no\/no\/kurs-konferanse\/\">Kurs og konferanse <i class=\"fal fa-long-arrow-right\"><\/i><\/a>[\/vc_column_text][\/vc_column][\/vc_row][vc_row][vc_column][vc_single_image image=&raquo;1664&#8243; img_size=&raquo;2200&#215;1200&#8243; css_animation=&raquo;fadeInUp&raquo;][\/vc_column][\/vc_row][vc_row gap=&raquo;35&#8243; el_class=&raquo;padded-section&raquo;][vc_column][vc_column_text css_animation=&raquo;fadeInUp&raquo; css=&raquo;.vc_custom_1570542268630{margin-bottom: 35px !important;}&raquo;]<\/p>\n<h2>Om hotellet<\/h2>\n<p>[\/vc_column_text][vc_column_text css_animation=&raquo;fadeInUp&raquo; css=&raquo;.vc_custom_1659711593544{margin-top: 35px !important;}&raquo;]V\u00f8ringfoss Hotel har lange tradisjoner for godt vertskap og smakfulle opplevelser for b\u00e5de kropp og gane. Hotellet slik det fremst\u00e5r i dag ble bygget i 2001, men her har det v\u00e6rt hotelltradisjoner siden 1889. Det nye hotellet er tuftet p\u00e5 samme tradisjoner som det opprinnelige, og ligger majestetisk til p\u00e5 bryggekanten i den lille bygden Eidfjord, omkranset av spektakul\u00e6re fjelltopper og dyp fjord. Dette gj\u00f8r at vi trygt kan si at vi byr p\u00e5 en historisk og avbalansert atmosf\u00e6re i naturlige omgivelser. Resepsjon, restaurant og bar ble totalrenovert i mars 2017.[\/vc_column_text][\/vc_column][\/vc_row][vc_row][vc_column][vc_single_image image=&raquo;1752&#8243; img_size=&raquo;2200&#215;1500&#8243; css_animation=&raquo;fadeInUp&raquo; css=&raquo;.vc_custom_1640180153482{margin-bottom: 20px !important;}&raquo;][\/vc_column][\/vc_row][vc_row el_class=&raquo;padded-section-bottom&raquo;][vc_column][\/vc_column][\/vc_row][vc_row full_width=&raquo;stretch_row&raquo; full_height=&raquo;yes&raquo; bg_type=&raquo;image&raquo; parallax_style=&raquo;vcpb-default&raquo; bg_image_new=&raquo;id^22|url^http:\/\/voringfoss-hotel.no\/wp-content\/uploads\/ciderrute.jpg|caption^null|alt^null|title^ciderrute|description^null&raquo; bg_img_attach=&raquo;fixed&raquo; enable_overlay=&raquo;enable_overlay_value&raquo; overlay_color=&raquo;rgba(31,81,97,0.2)&raquo; el_class=&raquo;white-text&raquo;][vc_column][vc_row_inner][vc_column_inner width=&raquo;1\/4&#8243;][\/vc_column_inner][vc_column_inner width=&raquo;1\/2&#8243;][vc_column_text css_animation=&raquo;fadeInUp&raquo;]<\/p>\n<h2 class=\"slim-line\">For deg som er glad i vakker natur, nydelig kortreist mat og sterke naturopplevelser.<\/h2>\n<p>[\/vc_column_text][\/vc_column_inner][vc_column_inner width=&raquo;1\/4&#8243;][\/vc_column_inner][\/vc_row_inner][\/vc_column][\/vc_row][vc_row][vc_column]<div class=\"templatera_shortcode\"><div data-vc-full-width=\"true\" data-vc-full-width-init=\"false\" class=\"vc_row wpb_row vc_row-fluid padded-section-big-top\"><div class=\"wpb_column vc_column_container vc_col-sm-4\"><div class=\"vc_column-inner\"><div class=\"wpb_wrapper\"><\/div><\/div><\/div><div class=\"wpb_column vc_column_container vc_col-sm-4\"><div class=\"vc_column-inner\"><div class=\"wpb_wrapper\">\n\t<div class=\"wpb_text_column wpb_content_element wpb_animate_when_almost_visible wpb_fadeInUp fadeInUp\" >\n\t\t<div class=\"wpb_wrapper\">\n\t\t\t<div class=\"slim-line-heading\"><\/div>\n<h2 class=\"slim-line\">V\u00e5re rom<\/h2>\n\n\t\t<\/div>\n\t<\/div>\n\n\t<div class=\"wpb_text_column wpb_content_element vc_custom_1659710460520\" >\n\t\t<div class=\"wpb_wrapper\">\n\t\t\t<p>Lune rom med utsikt mot fjord og fjell.<\/p>\n\n\t\t<\/div>\n\t<\/div>\n<\/div><\/div><\/div><div class=\"wpb_column vc_column_container vc_col-sm-4\"><div class=\"vc_column-inner\"><div class=\"wpb_wrapper\"><\/div><\/div><\/div><\/div><div class=\"vc_row-full-width vc_clearfix\"><\/div><!-- Row Backgrounds --><div class=\"upb_color\" data-bg-override=\"0\" data-bg-color=\"rgba(146,178,191,0.16)\" data-fadeout=\"\" data-fadeout-percentage=\"30\" data-parallax-content=\"\" data-parallax-content-sense=\"30\" data-row-effect-mobile-disable=\"true\" data-img-parallax-mobile-disable=\"true\" data-rtl=\"false\"  data-custom-vc-row=\"\"  data-vc=\"8.2\"  data-is_old_vc=\"\"  data-theme-support=\"\"   data-overlay=\"false\" data-overlay-color=\"\" data-overlay-pattern=\"\" data-overlay-pattern-opacity=\"\" data-overlay-pattern-size=\"\"    ><\/div><div data-vc-full-width=\"true\" data-vc-full-width-init=\"false\" class=\"vc_row wpb_row vc_row-fluid padded-section-medium-big vc_column-gap-20 vc_row-o-content-middle vc_row-flex\"><div class=\"wpb_animate_when_almost_visible wpb_fadeInUp fadeInUp wpb_column vc_column_container vc_col-sm-3\"><div class=\"vc_column-inner\"><div class=\"wpb_wrapper\"><div class=\"ult-content-box-container box-link\" >\t<a class=\"ult-content-box-anchor\" href=\"https:\/\/voringfoss-hotel.no\/no\/rommene\/suite\/\" >\t\t<div class=\"ult-content-box\" style=\"box-shadow: px px px px none;-webkit-transition: all 700ms ease;-moz-transition: all 700ms ease;-ms-transition: all 700ms ease;-o-transition: all 700ms ease;transition: all 700ms ease;\"  data-hover_box_shadow=\"none\"    ><div class=\"vc_row wpb_row vc_inner vc_row-fluid\"><div class=\"box-top-rooms wpb_column vc_column_container vc_col-sm-12\"><div class=\"vc_column-inner\"><div class=\"wpb_wrapper\"><\/div><\/div><\/div><\/div><div class=\"vc_row wpb_row vc_inner vc_row-fluid\"><div class=\"box-bottom wpb_column vc_column_container vc_col-sm-12\"><div class=\"vc_column-inner\"><div class=\"wpb_wrapper\">\n\t<div  class=\"wpb_single_image wpb_content_element vc_align_left wpb_content_element vc_custom_1725871195099  box-image\">\n\t\t\n\t\t<figure class=\"wpb_wrapper vc_figure\">\n\t\t\t<div class=\"vc_single_image-wrapper   vc_box_border_grey\"><img decoding=\"async\" class=\"vc_single_image-img \" src=\"https:\/\/voringfoss-hotel.no\/wp-content\/uploads\/suite_4_compressed-1000x1000.jpg\" width=\"1000\" height=\"1000\" alt=\"suite\" title=\"suite_4_compressed\" loading=\"lazy\" \/><\/div>\n\t\t<\/figure>\n\t<\/div>\n\n\t<div class=\"wpb_text_column wpb_content_element\" >\n\t\t<div class=\"wpb_wrapper\">\n\t\t\t<h2>Suite<\/h2>\n<p>Dette er rommet for deg som vil unne deg noe ekstra n\u00e5r du bes\u00f8ker Hardanger.<\/p>\n\n\t\t<\/div>\n\t<\/div>\n<\/div><\/div><\/div><\/div>\t\t<\/div>\t<\/a><\/div><\/div><\/div><\/div><div class=\"wpb_animate_when_almost_visible wpb_fadeInUp fadeInUp wpb_column vc_column_container vc_col-sm-3\"><div class=\"vc_column-inner\"><div class=\"wpb_wrapper\"><div class=\"ult-content-box-container box-link\" >\t<a class=\"ult-content-box-anchor\" href=\"https:\/\/voringfoss-hotel.no\/no\/rommene\/dobbeltrom-med-fjordutsikt-og-balkong\/\" >\t\t<div class=\"ult-content-box\" style=\"box-shadow: px px px px none;-webkit-transition: all 700ms ease;-moz-transition: all 700ms ease;-ms-transition: all 700ms ease;-o-transition: all 700ms ease;transition: all 700ms ease;\"  data-hover_box_shadow=\"none\"    ><div class=\"vc_row wpb_row vc_inner vc_row-fluid\"><div class=\"box-top-rooms wpb_column vc_column_container vc_col-sm-12\"><div class=\"vc_column-inner\"><div class=\"wpb_wrapper\"><\/div><\/div><\/div><\/div><div class=\"vc_row wpb_row vc_inner vc_row-fluid\"><div class=\"box-bottom wpb_column vc_column_container vc_col-sm-12\"><div class=\"vc_column-inner\"><div class=\"wpb_wrapper\">\n\t<div  class=\"wpb_single_image wpb_content_element vc_align_left wpb_content_element vc_custom_1725626039401  box-image\">\n\t\t\n\t\t<figure class=\"wpb_wrapper vc_figure\">\n\t\t\t<div class=\"vc_single_image-wrapper   vc_box_border_grey\"><img decoding=\"async\" class=\"vc_single_image-img \" src=\"https:\/\/voringfoss-hotel.no\/wp-content\/uploads\/deluxe1-1000x1000.jpg\" width=\"1000\" height=\"1000\" alt=\"deluxe rom\" title=\"deluxe1\" loading=\"lazy\" \/><\/div>\n\t\t<\/figure>\n\t<\/div>\n\n\t<div class=\"wpb_text_column wpb_content_element\" >\n\t\t<div class=\"wpb_wrapper\">\n\t\t\t<h2>Dobbeltrom med fjordutsikt og balkong<\/h2>\n<p>Dobbeltrom med balkong og fantastisk utsikt til Hardangerfjorden.<\/p>\n\n\t\t<\/div>\n\t<\/div>\n<\/div><\/div><\/div><\/div>\t\t<\/div>\t<\/a><\/div><\/div><\/div><\/div><div class=\"wpb_animate_when_almost_visible wpb_fadeInUp fadeInUp wpb_column vc_column_container vc_col-sm-3\"><div class=\"vc_column-inner\"><div class=\"wpb_wrapper\"><div class=\"ult-content-box-container box-link\" >\t<a class=\"ult-content-box-anchor\" href=\"https:\/\/voringfoss-hotel.no\/romma\/dobbeltrom-med-fjordutsikt\/\" >\t\t<div class=\"ult-content-box\" style=\"box-shadow: px px px px none;-webkit-transition: all 700ms ease;-moz-transition: all 700ms ease;-ms-transition: all 700ms ease;-o-transition: all 700ms ease;transition: all 700ms ease;\"  data-hover_box_shadow=\"none\"    ><div class=\"vc_row wpb_row vc_inner vc_row-fluid\"><div class=\"box-top-rooms wpb_column vc_column_container vc_col-sm-12\"><div class=\"vc_column-inner\"><div class=\"wpb_wrapper\"><\/div><\/div><\/div><\/div><div class=\"vc_row wpb_row vc_inner vc_row-fluid\"><div class=\"box-bottom wpb_column vc_column_container vc_col-sm-12\"><div class=\"vc_column-inner\"><div class=\"wpb_wrapper\">\n\t<div  class=\"wpb_single_image wpb_content_element vc_align_left wpb_content_element vc_custom_1725626045877  box-image\">\n\t\t\n\t\t<figure class=\"wpb_wrapper vc_figure\">\n\t\t\t<div class=\"vc_single_image-wrapper   vc_box_border_grey\"><img decoding=\"async\" class=\"vc_single_image-img \" src=\"https:\/\/voringfoss-hotel.no\/wp-content\/uploads\/13-Fotograf-Arkitekturfoto-ved-Montag_voringsfossen-hotell_Untitled-Session10837_HDR-min-1000x1000.jpg\" width=\"1000\" height=\"1000\" alt=\"superior rom\" title=\"\" loading=\"lazy\" \/><\/div>\n\t\t<\/figure>\n\t<\/div>\n\n\t<div class=\"wpb_text_column wpb_content_element\" >\n\t\t<div class=\"wpb_wrapper\">\n\t\t\t<h2>Dobbeltrom med fjordutsikt<\/h2>\n<p>Disse dobbeltrommene kan by p\u00e5 flott utsikt over fjorden.<\/p>\n\n\t\t<\/div>\n\t<\/div>\n<\/div><\/div><\/div><\/div>\t\t<\/div>\t<\/a><\/div><\/div><\/div><\/div><div class=\"wpb_animate_when_almost_visible wpb_fadeInUp fadeInUp wpb_column vc_column_container vc_col-sm-3\"><div class=\"vc_column-inner\"><div class=\"wpb_wrapper\"><div class=\"ult-content-box-container box-link\" >\t<a class=\"ult-content-box-anchor\" href=\"https:\/\/voringfoss-hotel.no\/romma\/dobbeltrom-med-fjellutsikt\/\" >\t\t<div class=\"ult-content-box\" style=\"box-shadow: px px px px none;-webkit-transition: all 700ms ease;-moz-transition: all 700ms ease;-ms-transition: all 700ms ease;-o-transition: all 700ms ease;transition: all 700ms ease;\"  data-hover_box_shadow=\"none\"    ><div class=\"vc_row wpb_row vc_inner vc_row-fluid\"><div class=\"box-top-rooms wpb_column vc_column_container vc_col-sm-12\"><div class=\"vc_column-inner\"><div class=\"wpb_wrapper\"><\/div><\/div><\/div><\/div><div class=\"vc_row wpb_row vc_inner vc_row-fluid\"><div class=\"box-bottom wpb_column vc_column_container vc_col-sm-12\"><div class=\"vc_column-inner\"><div class=\"wpb_wrapper\">\n\t<div  class=\"wpb_single_image wpb_content_element vc_align_left wpb_content_element vc_custom_1659710443256  box-image\">\n\t\t\n\t\t<figure class=\"wpb_wrapper vc_figure\">\n\t\t\t<div class=\"vc_single_image-wrapper   vc_box_border_grey\"><img decoding=\"async\" class=\"vc_single_image-img \" src=\"https:\/\/voringfoss-hotel.no\/wp-content\/uploads\/dobbeltrom_fjellutsikt-4.jpg\" width=\"1000\" height=\"1000\" alt=\"dobbeltrom_fjellutsikt-4\" title=\"dobbeltrom_fjellutsikt-4\" loading=\"lazy\" \/><\/div>\n\t\t<\/figure>\n\t<\/div>\n\n\t<div class=\"wpb_text_column wpb_content_element\" >\n\t\t<div class=\"wpb_wrapper\">\n\t\t\t<h2>Dobbeltrom med fjellutsikt<\/h2>\n<p>Disse lune dobbeltrommene har utsikt over bygden og dalen.<\/p>\n\n\t\t<\/div>\n\t<\/div>\n<\/div><\/div><\/div><\/div>\t\t<\/div>\t<\/a><\/div><\/div><\/div><\/div><\/div><div class=\"vc_row-full-width vc_clearfix\"><\/div><!-- Row Backgrounds --><div class=\"upb_color\" data-bg-override=\"0\" data-bg-color=\"rgba(146,178,191,0.16)\" data-fadeout=\"\" data-fadeout-percentage=\"30\" data-parallax-content=\"\" data-parallax-content-sense=\"30\" data-row-effect-mobile-disable=\"true\" data-img-parallax-mobile-disable=\"true\" data-rtl=\"false\"  data-custom-vc-row=\"\"  data-vc=\"8.2\"  data-is_old_vc=\"\"  data-theme-support=\"\"   data-overlay=\"false\" data-overlay-color=\"\" data-overlay-pattern=\"\" data-overlay-pattern-opacity=\"\" data-overlay-pattern-size=\"\"    ><\/div><\/div>[\/vc_column][\/vc_row][vc_row full_width=&raquo;stretch_row&raquo; bg_type=&raquo;image&raquo; parallax_style=&raquo;vcpb-default&raquo; bg_image_new=&raquo;id^69|url^http:\/\/voringfoss-hotel.no\/wp-content\/uploads\/pattern-bg-01.png|caption^null|alt^null|title^pattern-bg-01|description^null&raquo; bg_img_attach=&raquo;fixed&raquo; el_class=&raquo;bottom-row&raquo;][vc_column width=&raquo;1\/3&#8243;][\/vc_column][vc_column width=&raquo;1\/3&#8243;][vc_column_text css_animation=&raquo;fadeInUp&raquo;]<\/p>\n<h2>Opplev Norge p\u00e5 sitt vakreste<\/h2>\n<p>[\/vc_column_text][vc_column_text css_animation=&raquo;fadeInUp&raquo; el_class=&raquo;booking-link&raquo;]<a href=\"https:\/\/voringfoss-hotel.no\/no\/bestill-rom\/\">Bestill rom i dag<i class=\"fal fa-long-arrow-right\"><\/i><\/a>[\/vc_column_text][\/vc_column][vc_column width=&raquo;1\/3&#8243;][\/vc_column][\/vc_row]<\/p>\n<\/div>","protected":false},"excerpt":{"rendered":"V\u00f8ringfoss Hotel By Fjordtind Mer en bare et sted \u00e5 overnatte V\u00f8ringfoss Hotel ligger flott til i Eidfjord ved Hardangerfjorden. Hotellet er et fullservice konferansehotell med moderne utstyr og fasiliteter for opp til 220 personer. Vi st\u00e5r p\u00e5 for \u00e5 gi deg et best mulig opphold og hjelper deg gjerne med \u00e5 planlegge aktiviteter og ...","protected":false},"author":2,"featured_media":0,"parent":0,"menu_order":26,"comment_status":"closed","ping_status":"closed","template":"","meta":{"footnotes":""},"class_list":["post-96","page","type-page","status-publish","hentry"],"yoast_head":"<!-- This site is optimized with the Yoast SEO plugin v24.5 - https:\/\/yoast.com\/wordpress\/plugins\/seo\/ -->\r\n<title>Om hotellet | V\u00f8ringfoss Hotel by Fjordtind<\/title>\r\n<meta name=\"description\" content=\"Hardangerfjord Hotel er et av Hardangers fremste turist- og konferansehotell, og er i dag et kjent og kj\u00e6rt hotell b\u00e5de for norske og utenlandske gjester.\" \/>\r\n<meta name=\"robots\" content=\"index, follow, max-snippet:-1, max-image-preview:large, max-video-preview:-1\" \/>\r\n<link rel=\"canonical\" href=\"https:\/\/voringfoss-hotel.no\/no\/om-hotellet\/\" \/>\r\n<meta property=\"og:locale\" content=\"nb_NO\" \/>\r\n<meta property=\"og:type\" content=\"article\" \/>\r\n<meta property=\"og:title\" content=\"Om hotellet | V\u00f8ringfoss Hotel by Fjordtind\" \/>\r\n<meta property=\"og:description\" content=\"Hardangerfjord Hotel er et av Hardangers fremste turist- og konferansehotell, og er i dag et kjent og kj\u00e6rt hotell b\u00e5de for norske og utenlandske gjester.\" \/>\r\n<meta property=\"og:url\" content=\"https:\/\/voringfoss-hotel.no\/no\/om-hotellet\/\" \/>\r\n<meta property=\"og:site_name\" content=\"V\u00f8ringfoss Hotel by Fjordtind\" \/>\r\n<meta property=\"article:publisher\" content=\"https:\/\/www.facebook.com\/Hardangerfjord\/\" \/>\r\n<meta property=\"article:modified_time\" content=\"2022-08-05T14:58:24+00:00\" \/>\r\n<meta name=\"twitter:card\" content=\"summary_large_image\" \/>\r\n<meta name=\"twitter:label1\" content=\"Ansl. lesetid\" \/>\n\t<meta name=\"twitter:data1\" content=\"2 minutter\" \/>\r\n<script type=\"application\/ld+json\" class=\"yoast-schema-graph\">{\"@context\":\"https:\/\/schema.org\",\"@graph\":[{\"@type\":\"WebPage\",\"@id\":\"https:\/\/voringfoss-hotel.no\/no\/om-hotellet\/\",\"url\":\"https:\/\/voringfoss-hotel.no\/no\/om-hotellet\/\",\"name\":\"Om hotellet | V\u00f8ringfoss Hotel by Fjordtind\",\"isPartOf\":{\"@id\":\"https:\/\/voringfoss-hotel.no\/no\/#website\"},\"datePublished\":\"2019-01-28T10:30:40+00:00\",\"dateModified\":\"2022-08-05T14:58:24+00:00\",\"description\":\"Hardangerfjord Hotel er et av Hardangers fremste turist- og konferansehotell, og er i dag et kjent og kj\u00e6rt hotell b\u00e5de for norske og utenlandske gjester.\",\"breadcrumb\":{\"@id\":\"https:\/\/voringfoss-hotel.no\/no\/om-hotellet\/#breadcrumb\"},\"inLanguage\":\"nb-NO\",\"potentialAction\":[{\"@type\":\"ReadAction\",\"target\":[\"https:\/\/voringfoss-hotel.no\/no\/om-hotellet\/\"]}]},{\"@type\":\"BreadcrumbList\",\"@id\":\"https:\/\/voringfoss-hotel.no\/no\/om-hotellet\/#breadcrumb\",\"itemListElement\":[{\"@type\":\"ListItem\",\"position\":1,\"name\":\"Hjem\",\"item\":\"https:\/\/voringfoss-hotel.no\/no\/\"},{\"@type\":\"ListItem\",\"position\":2,\"name\":\"Om hotellet\"}]},{\"@type\":\"WebSite\",\"@id\":\"https:\/\/voringfoss-hotel.no\/no\/#website\",\"url\":\"https:\/\/voringfoss-hotel.no\/no\/\",\"name\":\"V\u00f8ringfoss Hotel by Fjordtind\",\"description\":\"Sjekk inn i Hardanger\",\"publisher\":{\"@id\":\"https:\/\/voringfoss-hotel.no\/no\/#organization\"},\"potentialAction\":[{\"@type\":\"SearchAction\",\"target\":{\"@type\":\"EntryPoint\",\"urlTemplate\":\"https:\/\/voringfoss-hotel.no\/no\/?s={search_term_string}\"},\"query-input\":{\"@type\":\"PropertyValueSpecification\",\"valueRequired\":true,\"valueName\":\"search_term_string\"}}],\"inLanguage\":\"nb-NO\"},{\"@type\":\"Organization\",\"@id\":\"https:\/\/voringfoss-hotel.no\/no\/#organization\",\"name\":\"Brakanes Hotel\",\"url\":\"https:\/\/voringfoss-hotel.no\/no\/\",\"logo\":{\"@type\":\"ImageObject\",\"inLanguage\":\"nb-NO\",\"@id\":\"https:\/\/voringfoss-hotel.no\/no\/#\/schema\/logo\/image\/\",\"url\":\"https:\/\/voringfoss-hotel.no\/wp-content\/uploads\/brakanes-hotel-hvit.png\",\"contentUrl\":\"https:\/\/voringfoss-hotel.no\/wp-content\/uploads\/brakanes-hotel-hvit.png\",\"width\":820,\"height\":419,\"caption\":\"Brakanes Hotel\"},\"image\":{\"@id\":\"https:\/\/voringfoss-hotel.no\/no\/#\/schema\/logo\/image\/\"},\"sameAs\":[\"https:\/\/www.facebook.com\/Hardangerfjord\/\"]}]}<\/script>\r\n<!-- \/ Yoast SEO plugin. -->","yoast_head_json":{"title":"Om hotellet | V\u00f8ringfoss Hotel by Fjordtind","description":"Hardangerfjord Hotel er et av Hardangers fremste turist- og konferansehotell, og er i dag et kjent og kj\u00e6rt hotell b\u00e5de for norske og utenlandske gjester.","robots":{"index":"index","follow":"follow","max-snippet":"max-snippet:-1","max-image-preview":"max-image-preview:large","max-video-preview":"max-video-preview:-1"},"canonical":"https:\/\/voringfoss-hotel.no\/no\/om-hotellet\/","og_locale":"nb_NO","og_type":"article","og_title":"Om hotellet | V\u00f8ringfoss Hotel by Fjordtind","og_description":"Hardangerfjord Hotel er et av Hardangers fremste turist- og konferansehotell, og er i dag et kjent og kj\u00e6rt hotell b\u00e5de for norske og utenlandske gjester.","og_url":"https:\/\/voringfoss-hotel.no\/no\/om-hotellet\/","og_site_name":"V\u00f8ringfoss Hotel by Fjordtind","article_publisher":"https:\/\/www.facebook.com\/Hardangerfjord\/","article_modified_time":"2022-08-05T14:58:24+00:00","twitter_card":"summary_large_image","twitter_misc":{"Ansl. lesetid":"2 minutter"},"schema":{"@context":"https:\/\/schema.org","@graph":[{"@type":"WebPage","@id":"https:\/\/voringfoss-hotel.no\/no\/om-hotellet\/","url":"https:\/\/voringfoss-hotel.no\/no\/om-hotellet\/","name":"Om hotellet | V\u00f8ringfoss Hotel by Fjordtind","isPartOf":{"@id":"https:\/\/voringfoss-hotel.no\/no\/#website"},"datePublished":"2019-01-28T10:30:40+00:00","dateModified":"2022-08-05T14:58:24+00:00","description":"Hardangerfjord Hotel er et av Hardangers fremste turist- og konferansehotell, og er i dag et kjent og kj\u00e6rt hotell b\u00e5de for norske og utenlandske gjester.","breadcrumb":{"@id":"https:\/\/voringfoss-hotel.no\/no\/om-hotellet\/#breadcrumb"},"inLanguage":"nb-NO","potentialAction":[{"@type":"ReadAction","target":["https:\/\/voringfoss-hotel.no\/no\/om-hotellet\/"]}]},{"@type":"BreadcrumbList","@id":"https:\/\/voringfoss-hotel.no\/no\/om-hotellet\/#breadcrumb","itemListElement":[{"@type":"ListItem","position":1,"name":"Hjem","item":"https:\/\/voringfoss-hotel.no\/no\/"},{"@type":"ListItem","position":2,"name":"Om hotellet"}]},{"@type":"WebSite","@id":"https:\/\/voringfoss-hotel.no\/no\/#website","url":"https:\/\/voringfoss-hotel.no\/no\/","name":"V\u00f8ringfoss Hotel by Fjordtind","description":"Sjekk inn i Hardanger","publisher":{"@id":"https:\/\/voringfoss-hotel.no\/no\/#organization"},"potentialAction":[{"@type":"SearchAction","target":{"@type":"EntryPoint","urlTemplate":"https:\/\/voringfoss-hotel.no\/no\/?s={search_term_string}"},"query-input":{"@type":"PropertyValueSpecification","valueRequired":true,"valueName":"search_term_string"}}],"inLanguage":"nb-NO"},{"@type":"Organization","@id":"https:\/\/voringfoss-hotel.no\/no\/#organization","name":"Brakanes Hotel","url":"https:\/\/voringfoss-hotel.no\/no\/","logo":{"@type":"ImageObject","inLanguage":"nb-NO","@id":"https:\/\/voringfoss-hotel.no\/no\/#\/schema\/logo\/image\/","url":"https:\/\/voringfoss-hotel.no\/wp-content\/uploads\/brakanes-hotel-hvit.png","contentUrl":"https:\/\/voringfoss-hotel.no\/wp-content\/uploads\/brakanes-hotel-hvit.png","width":820,"height":419,"caption":"Brakanes Hotel"},"image":{"@id":"https:\/\/voringfoss-hotel.no\/no\/#\/schema\/logo\/image\/"},"sameAs":["https:\/\/www.facebook.com\/Hardangerfjord\/"]}]}},"_links":{"self":[{"href":"https:\/\/voringfoss-hotel.no\/no\/wp-json\/wp\/v2\/pages\/96","targetHints":{"allow":["GET"]}}],"collection":[{"href":"https:\/\/voringfoss-hotel.no\/no\/wp-json\/wp\/v2\/pages"}],"about":[{"href":"https:\/\/voringfoss-hotel.no\/no\/wp-json\/wp\/v2\/types\/page"}],"author":[{"embeddable":true,"href":"https:\/\/voringfoss-hotel.no\/no\/wp-json\/wp\/v2\/users\/2"}],"replies":[{"embeddable":true,"href":"https:\/\/voringfoss-hotel.no\/no\/wp-json\/wp\/v2\/comments?post=96"}],"version-history":[{"count":0,"href":"https:\/\/voringfoss-hotel.no\/no\/wp-json\/wp\/v2\/pages\/96\/revisions"}],"wp:attachment":[{"href":"https:\/\/voringfoss-hotel.no\/no\/wp-json\/wp\/v2\/media?parent=96"}],"curies":[{"name":"wp","href":"https:\/\/api.w.org\/{rel}","templated":true}]}}